{"id":1758,"date":"2025-01-10T15:17:01","date_gmt":"2025-01-10T20:17:01","guid":{"rendered":"https:\/\/www.cliniquephysiosante.com\/physiotherapie\/?page_id=1758"},"modified":"2025-01-10T16:13:02","modified_gmt":"2025-01-10T21:13:02","slug":"marie-claude-rivard-ergotherapeute","status":"publish","type":"page","link":"https:\/\/www.cliniquephysiosante.com\/physiotherapie\/marie-claude-rivard-ergotherapeute\/","title":{"rendered":"Marie-Claude Rivard ergoth\u00e9rapeute"},"content":{"rendered":"\t\t<div data-elementor-type=\"wp-post\" data-elementor-id=\"1758\" class=\"elementor elementor-1758\">\n\t\t\t\t\t\t<div class=\"elementor-inner\">\n\t\t\t\t<div class=\"elementor-section-wrap\">\n\t\t\t\t\t\t\t\t\t<section class=\"elementor-section elementor-top-section elementor-element elementor-element-4d00918 elementor-section-stretched elementor-section-height-min-height elementor-section-boxed elementor-section-height-default elementor-section-items-middle\" data-id=\"4d00918\" data-element_type=\"section\" data-settings=\"{&quot;stretch_section&quot;:&quot;section-stretched&quot;,&quot;background_background&quot;:&quot;classic&quot;}\">\n\t\t\t\t\t\t<div class=\"elementor-container elementor-column-gap-no\">\n\t\t\t\t\t\t\t<div class=\"elementor-row\">\n\t\t\t\t\t<div class=\"elementor-column elementor-col-100 elementor-top-column elementor-element elementor-element-2067d06\" data-id=\"2067d06\" data-element_type=\"column\">\n\t\t\t<div class=\"elementor-column-wrap\">\n\t\t\t\t\t\t\t<div class=\"elementor-widget-wrap\">\n\t\t\t\t\t\t\t\t<\/div>\n\t\t\t\t\t<\/div>\n\t\t<\/div>\n\t\t\t\t\t\t\t\t<\/div>\n\t\t\t\t\t<\/div>\n\t\t<\/section>\n\t\t\t\t<section class=\"elementor-section elementor-top-section elementor-element elementor-element-a12a7cc elementor-section-boxed elementor-section-height-default elementor-section-height-default\" data-id=\"a12a7cc\" data-element_type=\"section\" data-settings=\"{&quot;background_background&quot;:&quot;classic&quot;}\">\n\t\t\t\t\t\t<div class=\"elementor-container elementor-column-gap-default\">\n\t\t\t\t\t\t\t<div class=\"elementor-row\">\n\t\t\t\t\t<div class=\"elementor-column elementor-col-100 elementor-top-column elementor-element elementor-element-60cc8f7\" data-id=\"60cc8f7\" data-element_type=\"column\">\n\t\t\t<div class=\"elementor-column-wrap elementor-element-populated\">\n\t\t\t\t\t\t\t<div class=\"elementor-widget-wrap\">\n\t\t\t\t\t\t<div class=\"elementor-element elementor-element-1fdf858 elementor-widget elementor-widget-heading\" data-id=\"1fdf858\" data-element_type=\"widget\" data-widget_type=\"heading.default\">\n\t\t\t\t<div class=\"elementor-widget-container\">\n\t\t\t<h1 class=\"elementor-heading-title elementor-size-default\"><font color=\"#FFFFFF\"><b>Marie-Claude RIVARD, <i> ergoth\u00e9rapeute <i><\/i><\/i><\/b><\/font><i><i><br><span><\/span><span><font size=\"3\" color=\"#FFFFCC\"> Baccalaur\u00e9at en ergoth\u00e9rapie de l\u2019Universit\u00e9 Laval en 1996\n  <\/font><\/span><\/i><\/i><\/h1>\t\t<\/div>\n\t\t\t\t<\/div>\n\t\t\t\t\t\t<\/div>\n\t\t\t\t\t<\/div>\n\t\t<\/div>\n\t\t\t\t\t\t\t\t<\/div>\n\t\t\t\t\t<\/div>\n\t\t<\/section>\n\t\t\t\t<section class=\"elementor-section elementor-top-section elementor-element elementor-element-7f35eaf elementor-section-boxed elementor-section-height-default elementor-section-height-default\" data-id=\"7f35eaf\" data-element_type=\"section\">\n\t\t\t\t\t\t<div class=\"elementor-container elementor-column-gap-default\">\n\t\t\t\t\t\t\t<div class=\"elementor-row\">\n\t\t\t\t\t<div class=\"elementor-column elementor-col-100 elementor-top-column elementor-element elementor-element-0dc11ac\" data-id=\"0dc11ac\" data-element_type=\"column\">\n\t\t\t<div class=\"elementor-column-wrap elementor-element-populated\">\n\t\t\t\t\t\t\t<div class=\"elementor-widget-wrap\">\n\t\t\t\t\t\t<div class=\"elementor-element elementor-element-ab02772 elementor-widget elementor-widget-spacer\" data-id=\"ab02772\" data-element_type=\"widget\" data-widget_type=\"spacer.default\">\n\t\t\t\t<div class=\"elementor-widget-container\">\n\t\t\t\t\t<div class=\"elementor-spacer\">\n\t\t\t<div class=\"elementor-spacer-inner\"><\/div>\n\t\t<\/div>\n\t\t\t\t<\/div>\n\t\t\t\t<\/div>\n\t\t\t\t<div class=\"elementor-element elementor-element-7e0d660 elementor-widget elementor-widget-heading\" data-id=\"7e0d660\" data-element_type=\"widget\" data-widget_type=\"heading.default\">\n\t\t\t\t<div class=\"elementor-widget-container\">\n\t\t\t<h2 class=\"elementor-heading-title elementor-size-default\"><i>\u00ab Les membres de la clinique Physio-Sant\u00e9 de Sherbrooke se d\u00e9marquent gr\u00e2ce \u00e0 leurs formations continues sp\u00e9cialis\u00e9es.\u00bb<\/i><\/h2>\t\t<\/div>\n\t\t\t\t<\/div>\n\t\t\t\t<div class=\"elementor-element elementor-element-7a08eeb elementor-widget elementor-widget-text-editor\" data-id=\"7a08eeb\" data-element_type=\"widget\" data-widget_type=\"text-editor.default\">\n\t\t\t\t<div class=\"elementor-widget-container\">\n\t\t\t\t\t\t\t\t<div class=\"elementor-text-editor elementor-clearfix\">\n\t\t\t\t<p class=\"p1\"><img decoding=\"async\" loading=\"lazy\" class=\"alignright size-full wp-image-1767\" src=\"https:\/\/www.cliniquephysiosante.com\/physiotherapie\/wp-content\/uploads\/2025\/01\/marie-claude-rivard-ergotherapeute-physio-sante.jpg\" alt=\"marie-claude rivard ergotherapeute clinique physio-sante\" width=\"400\" height=\"381\" srcset=\"https:\/\/www.cliniquephysiosante.com\/physiotherapie\/wp-content\/uploads\/2025\/01\/marie-claude-rivard-ergotherapeute-physio-sante.jpg 400w, https:\/\/www.cliniquephysiosante.com\/physiotherapie\/wp-content\/uploads\/2025\/01\/marie-claude-rivard-ergotherapeute-physio-sante-300x286.jpg 300w\" sizes=\"(max-width: 400px) 100vw, 400px\" \/>Baccalaur\u00e9at en ergoth\u00e9rapie de l\u2019universit\u00e9 Laval en 1996<br \/><span style=\"font-weight: var( --e-global-typography-text-font-weight ); font-size: 1rem;\">Dipl\u00f4me de deuxi\u00e8me cycle en r\u00e9adaptation \u00e0 la conduite automobile de l\u2019universit\u00e9 McGill en 2012<br \/><\/span><span style=\"font-weight: var( --e-global-typography-text-font-weight ); font-size: 1rem;\">Membre de l\u2019ordre des ergoth\u00e9rapeutes du Qu\u00e9bec (OEQ 96-064)<br \/><\/span><span style=\"font-weight: var( --e-global-typography-text-font-weight ); font-size: 1rem;\">Intervenante aupr\u00e8s de la client\u00e8le adulte et a\u00een\u00e9e.<\/span><\/p><p><strong><span class=\"s1\"><br \/>FORMATIONS<\/span><\/strong><\/p><p class=\"p2\">Entretien motivationnel (2024)<br \/><span style=\"font-weight: var( --e-global-typography-text-font-weight ); font-size: 1rem;\">R\u00e9adaptation syndrome post-Covid longue (2023)<br \/><\/span><span style=\"font-weight: var( --e-global-typography-text-font-weight ); font-size: 1rem;\">TCCL-Commotions c\u00e9r\u00e9brales\u00a0: approches en ergoth\u00e9rapie (2022)<br \/><\/span><span style=\"font-weight: var( --e-global-typography-text-font-weight ); font-size: 1rem;\">Les exigences cognitives de l\u2019emploi (2022)<br \/><\/span><span style=\"font-weight: var( --e-global-typography-text-font-weight ); font-size: 1rem;\">Ergonomie de bureau (2020)<br \/><\/span><span style=\"font-weight: var( --e-global-typography-text-font-weight ); font-size: 1rem;\">La manutention manuelle (2019)<br \/><\/span><span style=\"font-weight: var( --e-global-typography-text-font-weight ); font-size: 1rem;\">La manutention (2018)<\/span><\/p>\t\t\t\t\t<\/div>\n\t\t\t\t\t\t<\/div>\n\t\t\t\t<\/div>\n\t\t\t\t\t\t<\/div>\n\t\t\t\t\t<\/div>\n\t\t<\/div>\n\t\t\t\t\t\t\t\t<\/div>\n\t\t\t\t\t<\/div>\n\t\t<\/section>\n\t\t\t\t\t\t\t\t\t<\/div>\n\t\t\t<\/div>\n\t\t\t\t\t<\/div>\n\t\t","protected":false},"excerpt":{"rendered":"<p>Marie-Claude RIVARD, ergoth\u00e9rapeute Baccalaur\u00e9at en ergoth\u00e9rapie de l\u2019Universit\u00e9 Laval en 1996 \u00ab Les membres de la clinique Physio-Sant\u00e9 de Sherbrooke se d\u00e9marquent gr\u00e2ce \u00e0 leurs formations continues sp\u00e9cialis\u00e9es.\u00bb Baccalaur\u00e9at en ergoth\u00e9rapie de l\u2019universit\u00e9 Laval en 1996Dipl\u00f4me de deuxi\u00e8me cycle en r\u00e9adaptation \u00e0 la conduite automobile de l\u2019universit\u00e9 McGill en 2012Membre de l\u2019ordre des ergoth\u00e9rapeutes du [&hellip;]<\/p>\n","protected":false},"author":1,"featured_media":0,"parent":0,"menu_order":0,"comment_status":"closed","ping_status":"closed","template":"elementor_header_footer","meta":[],"aioseo_notices":[],"_links":{"self":[{"href":"https:\/\/www.cliniquephysiosante.com\/physiotherapie\/wp-json\/wp\/v2\/pages\/1758"}],"collection":[{"href":"https:\/\/www.cliniquephysiosante.com\/physiotherapie\/wp-json\/wp\/v2\/pages"}],"about":[{"href":"https:\/\/www.cliniquephysiosante.com\/physiotherapie\/wp-json\/wp\/v2\/types\/page"}],"author":[{"embeddable":true,"href":"https:\/\/www.cliniquephysiosante.com\/physiotherapie\/wp-json\/wp\/v2\/users\/1"}],"replies":[{"embeddable":true,"href":"https:\/\/www.cliniquephysiosante.com\/physiotherapie\/wp-json\/wp\/v2\/comments?post=1758"}],"version-history":[{"count":11,"href":"https:\/\/www.cliniquephysiosante.com\/physiotherapie\/wp-json\/wp\/v2\/pages\/1758\/revisions"}],"predecessor-version":[{"id":1774,"href":"https:\/\/www.cliniquephysiosante.com\/physiotherapie\/wp-json\/wp\/v2\/pages\/1758\/revisions\/1774"}],"wp:attachment":[{"href":"https:\/\/www.cliniquephysiosante.com\/physiotherapie\/wp-json\/wp\/v2\/media?parent=1758"}],"curies":[{"name":"wp","href":"https:\/\/api.w.org\/{rel}","templated":true}]}}