{"id":1814,"date":"2025-09-23T11:07:30","date_gmt":"2025-09-23T16:07:30","guid":{"rendered":"https:\/\/www.cliniquephysiosante.com\/physiotherapie\/?page_id=1814"},"modified":"2025-10-19T20:02:55","modified_gmt":"2025-10-20T01:02:55","slug":"marie-pelletier-ergotherapeute","status":"publish","type":"page","link":"https:\/\/www.cliniquephysiosante.com\/physiotherapie\/marie-pelletier-ergotherapeute\/","title":{"rendered":"Marie Pelletier ergoth\u00e9rapeute"},"content":{"rendered":"\t\t<div data-elementor-type=\"wp-post\" data-elementor-id=\"1814\" class=\"elementor elementor-1814\">\n\t\t\t\t\t\t<div class=\"elementor-inner\">\n\t\t\t\t<div class=\"elementor-section-wrap\">\n\t\t\t\t\t\t\t\t\t<section class=\"elementor-section elementor-top-section elementor-element elementor-element-4d00918 elementor-section-stretched elementor-section-height-min-height elementor-section-boxed elementor-section-height-default elementor-section-items-middle\" data-id=\"4d00918\" data-element_type=\"section\" data-settings=\"{&quot;stretch_section&quot;:&quot;section-stretched&quot;,&quot;background_background&quot;:&quot;classic&quot;}\">\n\t\t\t\t\t\t<div class=\"elementor-container elementor-column-gap-no\">\n\t\t\t\t\t\t\t<div class=\"elementor-row\">\n\t\t\t\t\t<div class=\"elementor-column elementor-col-100 elementor-top-column elementor-element elementor-element-2067d06\" data-id=\"2067d06\" data-element_type=\"column\">\n\t\t\t<div class=\"elementor-column-wrap\">\n\t\t\t\t\t\t\t<div class=\"elementor-widget-wrap\">\n\t\t\t\t\t\t\t\t<\/div>\n\t\t\t\t\t<\/div>\n\t\t<\/div>\n\t\t\t\t\t\t\t\t<\/div>\n\t\t\t\t\t<\/div>\n\t\t<\/section>\n\t\t\t\t<section class=\"elementor-section elementor-top-section elementor-element elementor-element-a12a7cc elementor-section-boxed elementor-section-height-default elementor-section-height-default\" data-id=\"a12a7cc\" data-element_type=\"section\" data-settings=\"{&quot;background_background&quot;:&quot;classic&quot;}\">\n\t\t\t\t\t\t<div class=\"elementor-container elementor-column-gap-default\">\n\t\t\t\t\t\t\t<div class=\"elementor-row\">\n\t\t\t\t\t<div class=\"elementor-column elementor-col-100 elementor-top-column elementor-element elementor-element-60cc8f7\" data-id=\"60cc8f7\" data-element_type=\"column\">\n\t\t\t<div class=\"elementor-column-wrap elementor-element-populated\">\n\t\t\t\t\t\t\t<div class=\"elementor-widget-wrap\">\n\t\t\t\t\t\t<div class=\"elementor-element elementor-element-1fdf858 elementor-widget elementor-widget-heading\" data-id=\"1fdf858\" data-element_type=\"widget\" data-widget_type=\"heading.default\">\n\t\t\t\t<div class=\"elementor-widget-container\">\n\t\t\t<h1 class=\"elementor-heading-title elementor-size-default\"><font color=\"#FFFFFF\"><b>Marie PELLETIER, <i> ergoth\u00e9rapeute <\/i><\/b><\/font><i><i><br><span><\/span><span><font size=\"3\" color=\"#FFFFCC\"> Maitrise en ergoth\u00e9rapie de l\u2019Universit\u00e9 de Sherbrooke 2019-2023<\/font><\/span><\/i><\/i><\/h1>\t\t<\/div>\n\t\t\t\t<\/div>\n\t\t\t\t\t\t<\/div>\n\t\t\t\t\t<\/div>\n\t\t<\/div>\n\t\t\t\t\t\t\t\t<\/div>\n\t\t\t\t\t<\/div>\n\t\t<\/section>\n\t\t\t\t<section class=\"elementor-section elementor-top-section elementor-element elementor-element-7f35eaf elementor-section-boxed elementor-section-height-default elementor-section-height-default\" data-id=\"7f35eaf\" data-element_type=\"section\">\n\t\t\t\t\t\t<div class=\"elementor-container elementor-column-gap-default\">\n\t\t\t\t\t\t\t<div class=\"elementor-row\">\n\t\t\t\t\t<div class=\"elementor-column elementor-col-100 elementor-top-column elementor-element elementor-element-0dc11ac\" data-id=\"0dc11ac\" data-element_type=\"column\">\n\t\t\t<div class=\"elementor-column-wrap elementor-element-populated\">\n\t\t\t\t\t\t\t<div class=\"elementor-widget-wrap\">\n\t\t\t\t\t\t<div class=\"elementor-element elementor-element-ab02772 elementor-widget elementor-widget-spacer\" data-id=\"ab02772\" data-element_type=\"widget\" data-widget_type=\"spacer.default\">\n\t\t\t\t<div class=\"elementor-widget-container\">\n\t\t\t\t\t<div class=\"elementor-spacer\">\n\t\t\t<div class=\"elementor-spacer-inner\"><\/div>\n\t\t<\/div>\n\t\t\t\t<\/div>\n\t\t\t\t<\/div>\n\t\t\t\t<div class=\"elementor-element elementor-element-7e0d660 elementor-widget elementor-widget-heading\" data-id=\"7e0d660\" data-element_type=\"widget\" data-widget_type=\"heading.default\">\n\t\t\t\t<div class=\"elementor-widget-container\">\n\t\t\t<h2 class=\"elementor-heading-title elementor-size-default\"><i>\u00ab Les membres de la clinique Physio-Sant\u00e9 de Sherbrooke se d\u00e9marquent gr\u00e2ce \u00e0 leurs formations continues sp\u00e9cialis\u00e9es.\u00bb<\/i><\/h2>\t\t<\/div>\n\t\t\t\t<\/div>\n\t\t\t\t<div class=\"elementor-element elementor-element-7a08eeb elementor-widget elementor-widget-text-editor\" data-id=\"7a08eeb\" data-element_type=\"widget\" data-widget_type=\"text-editor.default\">\n\t\t\t\t<div class=\"elementor-widget-container\">\n\t\t\t\t\t\t\t\t<div class=\"elementor-text-editor elementor-clearfix\">\n\t\t\t\t<p class=\"p1\"><img decoding=\"async\" loading=\"lazy\" class=\"alignright wp-image-1852\" src=\"https:\/\/www.cliniquephysiosante.com\/physiotherapie\/wp-content\/uploads\/2025\/10\/ergotherapie-exercice-physio-sante.jpg\" alt=\"ergotherapie exercice\" width=\"424\" height=\"354\" srcset=\"https:\/\/www.cliniquephysiosante.com\/physiotherapie\/wp-content\/uploads\/2025\/10\/ergotherapie-exercice-physio-sante.jpg 800w, https:\/\/www.cliniquephysiosante.com\/physiotherapie\/wp-content\/uploads\/2025\/10\/ergotherapie-exercice-physio-sante-300x251.jpg 300w, https:\/\/www.cliniquephysiosante.com\/physiotherapie\/wp-content\/uploads\/2025\/10\/ergotherapie-exercice-physio-sante-768x641.jpg 768w\" sizes=\"(max-width: 424px) 100vw, 424px\" \/>Marie Pelletier, dipl\u00f4m\u00e9e de la ma\u00eetrise en ergoth\u00e9rapie \u00e0 l\u2019Universit\u00e9 de Sherbrooke (2023). Elle d\u00e9tient \u00e9galement un baccalaur\u00e9at en kin\u00e9siologie (Universit\u00e9 de Sherbrooke, 2018).<br \/><span style=\"font-weight: var( --e-global-typography-text-font-weight ); font-size: 1rem;\">Membre de l\u2019ordre des ergoth\u00e9rapeutes du Qu\u00e9bec (OEQ 23-034)<br \/><\/span><span style=\"font-weight: var( --e-global-typography-text-font-weight ); font-size: 1rem;\">Elle travaille principalement avec les enfants et les adolescents, mais \u00e9galement avec la client\u00e8le adulte et fait des \u00e9valuations de poste de travail.<br \/>Pour elle, la collaboration avec les patients et les autres professionnels est la cl\u00e9 pour exercer dans le domaine de l\u2019ergoth\u00e9rapie.<\/span><\/p><p><strong><span class=\"s1\"><br \/>FORMATIONS<\/span><\/strong><\/p><p>Journ\u00e9es de la P\u00e9diatrie Sociale en Communaut\u00e9 (2023)<br \/>Promouvoir la sant\u00e9 mentale des adultes autistes\u00a0: AM-HeLP (2023)<br \/>Comment favoriser la participation de l\u2019enfant autiste dans mon groupe (2024)<br \/>Colloque\u00a0: P\u00e9diatrie pr\u00e9scolaire &#8211; Aller au-del\u00e0 des trajectoires\u00a0: collectivement favoriser le d\u00e9veloppement des enfants (2024)<br \/>Conf\u00e9rence\u00a0: Trop stress\u00e9.e, j\u2019ai oubli\u00e9\u2009! Comment le stress affecte la m\u00e9moire (2025)<\/p>\t\t\t\t\t<\/div>\n\t\t\t\t\t\t<\/div>\n\t\t\t\t<\/div>\n\t\t\t\t\t\t<\/div>\n\t\t\t\t\t<\/div>\n\t\t<\/div>\n\t\t\t\t\t\t\t\t<\/div>\n\t\t\t\t\t<\/div>\n\t\t<\/section>\n\t\t\t\t<section class=\"elementor-section elementor-top-section elementor-element elementor-element-82ef8aa elementor-section-boxed elementor-section-height-default elementor-section-height-default\" data-id=\"82ef8aa\" data-element_type=\"section\">\n\t\t\t\t\t\t<div class=\"elementor-container elementor-column-gap-default\">\n\t\t\t\t\t\t\t<div class=\"elementor-row\">\n\t\t\t\t\t<div class=\"elementor-column elementor-col-100 elementor-top-column elementor-element elementor-element-f811a0e\" data-id=\"f811a0e\" data-element_type=\"column\">\n\t\t\t<div class=\"elementor-column-wrap elementor-element-populated\">\n\t\t\t\t\t\t\t<div class=\"elementor-widget-wrap\">\n\t\t\t\t\t\t<div class=\"elementor-element elementor-element-4016287 elementor-widget elementor-widget-spacer\" data-id=\"4016287\" data-element_type=\"widget\" data-widget_type=\"spacer.default\">\n\t\t\t\t<div class=\"elementor-widget-container\">\n\t\t\t\t\t<div class=\"elementor-spacer\">\n\t\t\t<div class=\"elementor-spacer-inner\"><\/div>\n\t\t<\/div>\n\t\t\t\t<\/div>\n\t\t\t\t<\/div>\n\t\t\t\t<div class=\"elementor-element elementor-element-1d681d4 elementor-widget elementor-widget-gallery\" data-id=\"1d681d4\" data-element_type=\"widget\" data-settings=\"{&quot;columns&quot;:3,&quot;aspect_ratio&quot;:&quot;1:1&quot;,&quot;lazyload&quot;:&quot;yes&quot;,&quot;gallery_layout&quot;:&quot;grid&quot;,&quot;columns_tablet&quot;:2,&quot;columns_mobile&quot;:1,&quot;gap&quot;:{&quot;unit&quot;:&quot;px&quot;,&quot;size&quot;:10,&quot;sizes&quot;:[]},&quot;gap_tablet&quot;:{&quot;unit&quot;:&quot;px&quot;,&quot;size&quot;:10,&quot;sizes&quot;:[]},&quot;gap_mobile&quot;:{&quot;unit&quot;:&quot;px&quot;,&quot;size&quot;:10,&quot;sizes&quot;:[]},&quot;link_to&quot;:&quot;file&quot;,&quot;overlay_background&quot;:&quot;yes&quot;,&quot;content_hover_animation&quot;:&quot;fade-in&quot;}\" data-widget_type=\"gallery.default\">\n\t\t\t\t<div class=\"elementor-widget-container\">\n\t\t\t\t\t<div class=\"elementor-gallery__container\">\n\t\t\t\t\t\t\t<a class=\"e-gallery-item elementor-gallery-item elementor-animated-content\" href=\"https:\/\/www.cliniquephysiosante.com\/physiotherapie\/wp-content\/uploads\/2025\/10\/ergotherapie-sherbrooke2.jpg\" data-elementor-open-lightbox=\"yes\" data-elementor-lightbox-slideshow=\"all-1d681d4\" data-elementor-lightbox-title=\"ergotherapie sherbrooke\" data-e-action-hash=\"#elementor-action%3Aaction%3Dlightbox%26settings%3DeyJpZCI6MTg2MywidXJsIjoiaHR0cHM6XC9cL3d3dy5jbGluaXF1ZXBoeXNpb3NhbnRlLmNvbVwvcGh5c2lvdGhlcmFwaWVcL3dwLWNvbnRlbnRcL3VwbG9hZHNcLzIwMjVcLzEwXC9lcmdvdGhlcmFwaWUtc2hlcmJyb29rZTIuanBnIiwic2xpZGVzaG93IjoiYWxsLTFkNjgxZDQifQ%3D%3D\">\n\t\t\t\t\t<div class=\"e-gallery-image elementor-gallery-item__image\" data-thumbnail=\"https:\/\/www.cliniquephysiosante.com\/physiotherapie\/wp-content\/uploads\/2025\/10\/ergotherapie-sherbrooke2.jpg\" data-width=\"400\" data-height=\"379\" aria-label=\"exercice ergotherapie sherbrooke\" role=\"img\" ><\/div>\n\t\t\t\t\t\t\t\t\t\t\t<div class=\"elementor-gallery-item__overlay\"><\/div>\n\t\t\t\t\t\t\t\t\t\t\t\t\t\t<\/a>\n\t\t\t\t\t\t\t<a class=\"e-gallery-item elementor-gallery-item elementor-animated-content\" href=\"https:\/\/www.cliniquephysiosante.com\/physiotherapie\/wp-content\/uploads\/2025\/10\/ergotherapie-sherbrooke1.jpg\" data-elementor-open-lightbox=\"yes\" data-elementor-lightbox-slideshow=\"all-1d681d4\" data-elementor-lightbox-title=\"ergotherapie sherbrooke\" data-e-action-hash=\"#elementor-action%3Aaction%3Dlightbox%26settings%3DeyJpZCI6MTg2NCwidXJsIjoiaHR0cHM6XC9cL3d3dy5jbGluaXF1ZXBoeXNpb3NhbnRlLmNvbVwvcGh5c2lvdGhlcmFwaWVcL3dwLWNvbnRlbnRcL3VwbG9hZHNcLzIwMjVcLzEwXC9lcmdvdGhlcmFwaWUtc2hlcmJyb29rZTEuanBnIiwic2xpZGVzaG93IjoiYWxsLTFkNjgxZDQifQ%3D%3D\">\n\t\t\t\t\t<div class=\"e-gallery-image elementor-gallery-item__image\" data-thumbnail=\"https:\/\/www.cliniquephysiosante.com\/physiotherapie\/wp-content\/uploads\/2025\/10\/ergotherapie-sherbrooke1.jpg\" data-width=\"309\" data-height=\"268\" aria-label=\"ergotherapie sherbrooke\" role=\"img\" ><\/div>\n\t\t\t\t\t\t\t\t\t\t\t<div class=\"elementor-gallery-item__overlay\"><\/div>\n\t\t\t\t\t\t\t\t\t\t\t\t\t\t<\/a>\n\t\t\t\t\t\t\t<a class=\"e-gallery-item elementor-gallery-item elementor-animated-content\" href=\"https:\/\/www.cliniquephysiosante.com\/physiotherapie\/wp-content\/uploads\/2025\/10\/ergotherapie-sherbrooke.jpg\" data-elementor-open-lightbox=\"yes\" data-elementor-lightbox-slideshow=\"all-1d681d4\" data-elementor-lightbox-title=\"ergotherapie sherbrooke\" data-e-action-hash=\"#elementor-action%3Aaction%3Dlightbox%26settings%3DeyJpZCI6MTg2NSwidXJsIjoiaHR0cHM6XC9cL3d3dy5jbGluaXF1ZXBoeXNpb3NhbnRlLmNvbVwvcGh5c2lvdGhlcmFwaWVcL3dwLWNvbnRlbnRcL3VwbG9hZHNcLzIwMjVcLzEwXC9lcmdvdGhlcmFwaWUtc2hlcmJyb29rZS5qcGciLCJzbGlkZXNob3ciOiJhbGwtMWQ2ODFkNCJ9\">\n\t\t\t\t\t<div class=\"e-gallery-image elementor-gallery-item__image\" data-thumbnail=\"https:\/\/www.cliniquephysiosante.com\/physiotherapie\/wp-content\/uploads\/2025\/10\/ergotherapie-sherbrooke.jpg\" data-width=\"400\" data-height=\"268\" aria-label=\"Exercice ergotherapie sherbrooke\" role=\"img\" ><\/div>\n\t\t\t\t\t\t\t\t\t\t\t<div class=\"elementor-gallery-item__overlay\"><\/div>\n\t\t\t\t\t\t\t\t\t\t\t\t\t\t<\/a>\n\t\t\t\t\t<\/div>\n\t\t\t<\/div>\n\t\t\t\t<\/div>\n\t\t\t\t\t\t<\/div>\n\t\t\t\t\t<\/div>\n\t\t<\/div>\n\t\t\t\t\t\t\t\t<\/div>\n\t\t\t\t\t<\/div>\n\t\t<\/section>\n\t\t\t\t\t\t\t\t\t<\/div>\n\t\t\t<\/div>\n\t\t\t\t\t<\/div>\n\t\t","protected":false},"excerpt":{"rendered":"<p>Marie PELLETIER, ergoth\u00e9rapeute Maitrise en ergoth\u00e9rapie de l\u2019Universit\u00e9 de Sherbrooke 2019-2023 \u00ab Les membres de la clinique Physio-Sant\u00e9 de Sherbrooke se d\u00e9marquent gr\u00e2ce \u00e0 leurs formations continues sp\u00e9cialis\u00e9es.\u00bb Marie Pelletier, dipl\u00f4m\u00e9e de la ma\u00eetrise en ergoth\u00e9rapie \u00e0 l\u2019Universit\u00e9 de Sherbrooke (2023). Elle d\u00e9tient \u00e9galement un baccalaur\u00e9at en kin\u00e9siologie (Universit\u00e9 de Sherbrooke, 2018).Membre de l\u2019ordre des [&hellip;]<\/p>\n","protected":false},"author":2,"featured_media":0,"parent":0,"menu_order":0,"comment_status":"closed","ping_status":"closed","template":"elementor_header_footer","meta":[],"aioseo_notices":[],"_links":{"self":[{"href":"https:\/\/www.cliniquephysiosante.com\/physiotherapie\/wp-json\/wp\/v2\/pages\/1814"}],"collection":[{"href":"https:\/\/www.cliniquephysiosante.com\/physiotherapie\/wp-json\/wp\/v2\/pages"}],"about":[{"href":"https:\/\/www.cliniquephysiosante.com\/physiotherapie\/wp-json\/wp\/v2\/types\/page"}],"author":[{"embeddable":true,"href":"https:\/\/www.cliniquephysiosante.com\/physiotherapie\/wp-json\/wp\/v2\/users\/2"}],"replies":[{"embeddable":true,"href":"https:\/\/www.cliniquephysiosante.com\/physiotherapie\/wp-json\/wp\/v2\/comments?post=1814"}],"version-history":[{"count":19,"href":"https:\/\/www.cliniquephysiosante.com\/physiotherapie\/wp-json\/wp\/v2\/pages\/1814\/revisions"}],"predecessor-version":[{"id":1872,"href":"https:\/\/www.cliniquephysiosante.com\/physiotherapie\/wp-json\/wp\/v2\/pages\/1814\/revisions\/1872"}],"wp:attachment":[{"href":"https:\/\/www.cliniquephysiosante.com\/physiotherapie\/wp-json\/wp\/v2\/media?parent=1814"}],"curies":[{"name":"wp","href":"https:\/\/api.w.org\/{rel}","templated":true}]}}