{"id":1819,"date":"2025-09-26T14:51:12","date_gmt":"2025-09-26T19:51:12","guid":{"rendered":"https:\/\/www.cliniquephysiosante.com\/physiotherapie\/?page_id=1819"},"modified":"2025-10-23T13:18:59","modified_gmt":"2025-10-23T18:18:59","slug":"physiotherapeute-alexandra-binette","status":"publish","type":"page","link":"https:\/\/www.cliniquephysiosante.com\/physiotherapie\/physiotherapeute-alexandra-binette\/","title":{"rendered":"Physiotherapeute Alexandra Binette"},"content":{"rendered":"\t\t<div data-elementor-type=\"wp-post\" data-elementor-id=\"1819\" class=\"elementor elementor-1819\">\n\t\t\t\t\t\t<div class=\"elementor-inner\">\n\t\t\t\t<div class=\"elementor-section-wrap\">\n\t\t\t\t\t\t\t\t\t<section class=\"elementor-section elementor-top-section elementor-element elementor-element-4d00918 elementor-section-stretched elementor-section-height-min-height elementor-section-boxed elementor-section-height-default elementor-section-items-middle\" data-id=\"4d00918\" data-element_type=\"section\" data-settings=\"{&quot;stretch_section&quot;:&quot;section-stretched&quot;,&quot;background_background&quot;:&quot;classic&quot;}\">\n\t\t\t\t\t\t<div class=\"elementor-container elementor-column-gap-no\">\n\t\t\t\t\t\t\t<div class=\"elementor-row\">\n\t\t\t\t\t<div class=\"elementor-column elementor-col-100 elementor-top-column elementor-element elementor-element-2067d06\" data-id=\"2067d06\" data-element_type=\"column\">\n\t\t\t<div class=\"elementor-column-wrap\">\n\t\t\t\t\t\t\t<div class=\"elementor-widget-wrap\">\n\t\t\t\t\t\t\t\t<\/div>\n\t\t\t\t\t<\/div>\n\t\t<\/div>\n\t\t\t\t\t\t\t\t<\/div>\n\t\t\t\t\t<\/div>\n\t\t<\/section>\n\t\t\t\t<section class=\"elementor-section elementor-top-section elementor-element elementor-element-a12a7cc elementor-section-boxed elementor-section-height-default elementor-section-height-default\" data-id=\"a12a7cc\" data-element_type=\"section\" data-settings=\"{&quot;background_background&quot;:&quot;classic&quot;}\">\n\t\t\t\t\t\t<div class=\"elementor-container elementor-column-gap-default\">\n\t\t\t\t\t\t\t<div class=\"elementor-row\">\n\t\t\t\t\t<div class=\"elementor-column elementor-col-50 elementor-top-column elementor-element elementor-element-60cc8f7\" data-id=\"60cc8f7\" data-element_type=\"column\">\n\t\t\t<div class=\"elementor-column-wrap elementor-element-populated\">\n\t\t\t\t\t\t\t<div class=\"elementor-widget-wrap\">\n\t\t\t\t\t\t<div class=\"elementor-element elementor-element-1fdf858 elementor-widget elementor-widget-heading\" data-id=\"1fdf858\" data-element_type=\"widget\" data-widget_type=\"heading.default\">\n\t\t\t\t<div class=\"elementor-widget-container\">\n\t\t\t<h1 class=\"elementor-heading-title elementor-size-default\"><font color=\"#FFFFFF\"><b>Alexandra BINETTE, physioth\u00e9rapeute<\/b><\/font><br><span><font size=\"3\" color=\"#FFFFCC\">\nMaitrise en physioth\u00e9rapie de l'Universit\u00e9 de Sherbrooke, 2021-2025 <\/font><\/span><\/h1>\t\t<\/div>\n\t\t\t\t<\/div>\n\t\t\t\t\t\t<\/div>\n\t\t\t\t\t<\/div>\n\t\t<\/div>\n\t\t\t\t<div class=\"elementor-column elementor-col-50 elementor-top-column elementor-element elementor-element-02d9cb3\" data-id=\"02d9cb3\" data-element_type=\"column\">\n\t\t\t<div class=\"elementor-column-wrap elementor-element-populated\">\n\t\t\t\t\t\t\t<div class=\"elementor-widget-wrap\">\n\t\t\t\t\t\t<div class=\"elementor-element elementor-element-1ed0db6 elementor-widget elementor-widget-image\" data-id=\"1ed0db6\" data-element_type=\"widget\" data-widget_type=\"image.default\">\n\t\t\t\t<div class=\"elementor-widget-container\">\n\t\t\t\t\t\t\t\t<div class=\"elementor-image\">\n\t\t\t\t\t\t\t\t\t\t\t\t<img decoding=\"async\" width=\"200\" height=\"110\" src=\"https:\/\/www.cliniquephysiosante.com\/physiotherapie\/wp-content\/uploads\/2024\/06\/OPPQ_membre_blanc200px.png\" class=\"attachment-full size-full wp-image-1055\" alt=\"membre de Ordre Professionnel de la Physioth\u00e9rapie du Qu\u00e9bec\" loading=\"lazy\" \/>\t\t\t\t\t\t\t\t\t\t\t\t\t\t<\/div>\n\t\t\t\t\t\t<\/div>\n\t\t\t\t<\/div>\n\t\t\t\t\t\t<\/div>\n\t\t\t\t\t<\/div>\n\t\t<\/div>\n\t\t\t\t\t\t\t\t<\/div>\n\t\t\t\t\t<\/div>\n\t\t<\/section>\n\t\t\t\t<section class=\"elementor-section elementor-top-section elementor-element elementor-element-7f35eaf elementor-section-boxed elementor-section-height-default elementor-section-height-default\" data-id=\"7f35eaf\" data-element_type=\"section\">\n\t\t\t\t\t\t<div class=\"elementor-container elementor-column-gap-default\">\n\t\t\t\t\t\t\t<div class=\"elementor-row\">\n\t\t\t\t\t<div class=\"elementor-column elementor-col-100 elementor-top-column elementor-element elementor-element-0dc11ac\" data-id=\"0dc11ac\" data-element_type=\"column\">\n\t\t\t<div class=\"elementor-column-wrap elementor-element-populated\">\n\t\t\t\t\t\t\t<div class=\"elementor-widget-wrap\">\n\t\t\t\t\t\t<div class=\"elementor-element elementor-element-ab02772 elementor-widget elementor-widget-spacer\" data-id=\"ab02772\" data-element_type=\"widget\" data-widget_type=\"spacer.default\">\n\t\t\t\t<div class=\"elementor-widget-container\">\n\t\t\t\t\t<div class=\"elementor-spacer\">\n\t\t\t<div class=\"elementor-spacer-inner\"><\/div>\n\t\t<\/div>\n\t\t\t\t<\/div>\n\t\t\t\t<\/div>\n\t\t\t\t<div class=\"elementor-element elementor-element-7e0d660 elementor-widget elementor-widget-heading\" data-id=\"7e0d660\" data-element_type=\"widget\" data-widget_type=\"heading.default\">\n\t\t\t\t<div class=\"elementor-widget-container\">\n\t\t\t<h2 class=\"elementor-heading-title elementor-size-default\"><i>\u00ab Les physioth\u00e9rapeutes de la clinique Physio-Sant\u00e9 de Sherbrooke excellent avec une approche assurant une r\u00e9cup\u00e9ration optimale et pr\u00e9venant les r\u00e9cidives.\u00bb<\/i><\/h2>\t\t<\/div>\n\t\t\t\t<\/div>\n\t\t\t\t<div class=\"elementor-element elementor-element-7a08eeb elementor-widget elementor-widget-text-editor\" data-id=\"7a08eeb\" data-element_type=\"widget\" data-widget_type=\"text-editor.default\">\n\t\t\t\t<div class=\"elementor-widget-container\">\n\t\t\t\t\t\t\t\t<div class=\"elementor-text-editor elementor-clearfix\">\n\t\t\t\t<p><b>Alexandra BINETTE, <\/b>pht s\u2019est joint \u00e0 la Clinique Physio-Sant\u00e9 en juin 2025.<\/p><h3><img decoding=\"async\" loading=\"lazy\" class=\"alignright  wp-image-1882\" src=\"https:\/\/www.cliniquephysiosante.com\/physiotherapie\/wp-content\/uploads\/2025\/10\/alexandra-binette-physiotherapeute-physio-sante.jpg.jpg\" alt=\"Physioth\u00e9rapeute Alexandra Binette -sherbrooke\" width=\"484\" height=\"304\" srcset=\"https:\/\/www.cliniquephysiosante.com\/physiotherapie\/wp-content\/uploads\/2025\/10\/alexandra-binette-physiotherapeute-physio-sante.jpg.jpg 600w, https:\/\/www.cliniquephysiosante.com\/physiotherapie\/wp-content\/uploads\/2025\/10\/alexandra-binette-physiotherapeute-physio-sante.jpg-300x189.jpg 300w\" sizes=\"(max-width: 484px) 100vw, 484px\" \/>Formations et mentions<\/h3><p style=\"padding-left: 30px;\">&#8211; Maitrise en Physioth\u00e9rapie \u00e0 l&rsquo;Universit\u00e9 de Sherbrooke de 2012-2016<br \/>&#8211; Membre de l&rsquo;Ordre Professionnel de la Physioth\u00e9rapie du Qu\u00e9bec<br \/><br \/><\/p><p style=\"padding-left: 30px;\">\u00a0<\/p>\t\t\t\t\t<\/div>\n\t\t\t\t\t\t<\/div>\n\t\t\t\t<\/div>\n\t\t\t\t\t\t<\/div>\n\t\t\t\t\t<\/div>\n\t\t<\/div>\n\t\t\t\t\t\t\t\t<\/div>\n\t\t\t\t\t<\/div>\n\t\t<\/section>\n\t\t\t\t<section class=\"elementor-section elementor-top-section elementor-element elementor-element-7ebc6d7 elementor-section-boxed elementor-section-height-default elementor-section-height-default\" data-id=\"7ebc6d7\" data-element_type=\"section\">\n\t\t\t\t\t\t<div class=\"elementor-container elementor-column-gap-default\">\n\t\t\t\t\t\t\t<div class=\"elementor-row\">\n\t\t\t\t\t<div class=\"elementor-column elementor-col-100 elementor-top-column elementor-element elementor-element-417d2b6\" data-id=\"417d2b6\" data-element_type=\"column\">\n\t\t\t<div class=\"elementor-column-wrap elementor-element-populated\">\n\t\t\t\t\t\t\t<div class=\"elementor-widget-wrap\">\n\t\t\t\t\t\t<div class=\"elementor-element elementor-element-cb7bd61 elementor-widget elementor-widget-spacer\" data-id=\"cb7bd61\" data-element_type=\"widget\" data-widget_type=\"spacer.default\">\n\t\t\t\t<div class=\"elementor-widget-container\">\n\t\t\t\t\t<div class=\"elementor-spacer\">\n\t\t\t<div class=\"elementor-spacer-inner\"><\/div>\n\t\t<\/div>\n\t\t\t\t<\/div>\n\t\t\t\t<\/div>\n\t\t\t\t<div class=\"elementor-element elementor-element-d6846ef elementor-widget elementor-widget-gallery\" data-id=\"d6846ef\" data-element_type=\"widget\" data-settings=\"{&quot;columns&quot;:3,&quot;aspect_ratio&quot;:&quot;1:1&quot;,&quot;lazyload&quot;:&quot;yes&quot;,&quot;gallery_layout&quot;:&quot;grid&quot;,&quot;columns_tablet&quot;:2,&quot;columns_mobile&quot;:1,&quot;gap&quot;:{&quot;unit&quot;:&quot;px&quot;,&quot;size&quot;:10,&quot;sizes&quot;:[]},&quot;gap_tablet&quot;:{&quot;unit&quot;:&quot;px&quot;,&quot;size&quot;:10,&quot;sizes&quot;:[]},&quot;gap_mobile&quot;:{&quot;unit&quot;:&quot;px&quot;,&quot;size&quot;:10,&quot;sizes&quot;:[]},&quot;link_to&quot;:&quot;file&quot;,&quot;overlay_background&quot;:&quot;yes&quot;,&quot;content_hover_animation&quot;:&quot;fade-in&quot;}\" data-widget_type=\"gallery.default\">\n\t\t\t\t<div class=\"elementor-widget-container\">\n\t\t\t\t\t<div class=\"elementor-gallery__container\">\n\t\t\t\t\t\t\t<a class=\"e-gallery-item elementor-gallery-item elementor-animated-content\" href=\"https:\/\/www.cliniquephysiosante.com\/physiotherapie\/wp-content\/uploads\/2025\/10\/alexandra-binette-physiotherapeute-physio-sante-sherbrooke.jpg\" data-elementor-open-lightbox=\"yes\" data-elementor-lightbox-slideshow=\"all-d6846ef\" data-elementor-lightbox-title=\"alexandra-binette-physiotherapeute-physio-sante-sherbrooke\" data-e-action-hash=\"#elementor-action%3Aaction%3Dlightbox%26settings%3DeyJpZCI6MTg4NCwidXJsIjoiaHR0cHM6XC9cL3d3dy5jbGluaXF1ZXBoeXNpb3NhbnRlLmNvbVwvcGh5c2lvdGhlcmFwaWVcL3dwLWNvbnRlbnRcL3VwbG9hZHNcLzIwMjVcLzEwXC9hbGV4YW5kcmEtYmluZXR0ZS1waHlzaW90aGVyYXBldXRlLXBoeXNpby1zYW50ZS1zaGVyYnJvb2tlLmpwZyIsInNsaWRlc2hvdyI6ImFsbC1kNjg0NmVmIn0%3D\">\n\t\t\t\t\t<div class=\"e-gallery-image elementor-gallery-item__image\" data-thumbnail=\"https:\/\/www.cliniquephysiosante.com\/physiotherapie\/wp-content\/uploads\/2025\/10\/alexandra-binette-physiotherapeute-physio-sante-sherbrooke.jpg\" data-width=\"1740\" data-height=\"2560\" aria-label=\"\" role=\"img\" ><\/div>\n\t\t\t\t\t\t\t\t\t\t\t<div class=\"elementor-gallery-item__overlay\"><\/div>\n\t\t\t\t\t\t\t\t\t\t\t\t\t\t<\/a>\n\t\t\t\t\t\t\t<a class=\"e-gallery-item elementor-gallery-item elementor-animated-content\" href=\"https:\/\/www.cliniquephysiosante.com\/physiotherapie\/wp-content\/uploads\/2025\/10\/physio-binette-physiotherapeute-physio-sante-sherbrooke.jpg\" data-elementor-open-lightbox=\"yes\" data-elementor-lightbox-slideshow=\"all-d6846ef\" data-elementor-lightbox-title=\"physio-binette-physiotherapeute-physio-sante-sherbrooke\" data-e-action-hash=\"#elementor-action%3Aaction%3Dlightbox%26settings%3DeyJpZCI6MTg4NSwidXJsIjoiaHR0cHM6XC9cL3d3dy5jbGluaXF1ZXBoeXNpb3NhbnRlLmNvbVwvcGh5c2lvdGhlcmFwaWVcL3dwLWNvbnRlbnRcL3VwbG9hZHNcLzIwMjVcLzEwXC9waHlzaW8tYmluZXR0ZS1waHlzaW90aGVyYXBldXRlLXBoeXNpby1zYW50ZS1zaGVyYnJvb2tlLmpwZyIsInNsaWRlc2hvdyI6ImFsbC1kNjg0NmVmIn0%3D\">\n\t\t\t\t\t<div class=\"e-gallery-image elementor-gallery-item__image\" data-thumbnail=\"https:\/\/www.cliniquephysiosante.com\/physiotherapie\/wp-content\/uploads\/2025\/10\/physio-binette-physiotherapeute-physio-sante-sherbrooke.jpg\" data-width=\"613\" data-height=\"900\" aria-label=\"\" role=\"img\" ><\/div>\n\t\t\t\t\t\t\t\t\t\t\t<div class=\"elementor-gallery-item__overlay\"><\/div>\n\t\t\t\t\t\t\t\t\t\t\t\t\t\t<\/a>\n\t\t\t\t\t\t\t<a class=\"e-gallery-item elementor-gallery-item elementor-animated-content\" href=\"https:\/\/www.cliniquephysiosante.com\/physiotherapie\/wp-content\/uploads\/2025\/10\/physiotherapeute-binette-sherbrooke.jpg\" data-elementor-open-lightbox=\"yes\" data-elementor-lightbox-slideshow=\"all-d6846ef\" data-elementor-lightbox-title=\"physiotherapeute-binette-sherbrooke\" data-e-action-hash=\"#elementor-action%3Aaction%3Dlightbox%26settings%3DeyJpZCI6MTg4MywidXJsIjoiaHR0cHM6XC9cL3d3dy5jbGluaXF1ZXBoeXNpb3NhbnRlLmNvbVwvcGh5c2lvdGhlcmFwaWVcL3dwLWNvbnRlbnRcL3VwbG9hZHNcLzIwMjVcLzEwXC9waHlzaW90aGVyYXBldXRlLWJpbmV0dGUtc2hlcmJyb29rZS5qcGciLCJzbGlkZXNob3ciOiJhbGwtZDY4NDZlZiJ9\">\n\t\t\t\t\t<div class=\"e-gallery-image elementor-gallery-item__image\" data-thumbnail=\"https:\/\/www.cliniquephysiosante.com\/physiotherapie\/wp-content\/uploads\/2025\/10\/physiotherapeute-binette-sherbrooke.jpg\" data-width=\"616\" data-height=\"790\" aria-label=\"\" role=\"img\" ><\/div>\n\t\t\t\t\t\t\t\t\t\t\t<div class=\"elementor-gallery-item__overlay\"><\/div>\n\t\t\t\t\t\t\t\t\t\t\t\t\t\t<\/a>\n\t\t\t\t\t<\/div>\n\t\t\t<\/div>\n\t\t\t\t<\/div>\n\t\t\t\t\t\t<\/div>\n\t\t\t\t\t<\/div>\n\t\t<\/div>\n\t\t\t\t\t\t\t\t<\/div>\n\t\t\t\t\t<\/div>\n\t\t<\/section>\n\t\t\t\t<section class=\"elementor-section elementor-top-section elementor-element elementor-element-17f6ee2 elementor-section-boxed elementor-section-height-default elementor-section-height-default\" data-id=\"17f6ee2\" data-element_type=\"section\">\n\t\t\t\t\t\t<div class=\"elementor-container elementor-column-gap-default\">\n\t\t\t\t\t\t\t<div class=\"elementor-row\">\n\t\t\t\t\t<div class=\"elementor-column elementor-col-100 elementor-top-column elementor-element elementor-element-33391e3\" data-id=\"33391e3\" data-element_type=\"column\">\n\t\t\t<div class=\"elementor-column-wrap elementor-element-populated\">\n\t\t\t\t\t\t\t<div class=\"elementor-widget-wrap\">\n\t\t\t\t\t\t<div class=\"elementor-element elementor-element-9c34fef elementor-widget elementor-widget-spacer\" data-id=\"9c34fef\" data-element_type=\"widget\" data-widget_type=\"spacer.default\">\n\t\t\t\t<div class=\"elementor-widget-container\">\n\t\t\t\t\t<div class=\"elementor-spacer\">\n\t\t\t<div class=\"elementor-spacer-inner\"><\/div>\n\t\t<\/div>\n\t\t\t\t<\/div>\n\t\t\t\t<\/div>\n\t\t\t\t<div class=\"elementor-element elementor-element-8f27160 elementor-widget elementor-widget-text-editor\" data-id=\"8f27160\" data-element_type=\"widget\" data-widget_type=\"text-editor.default\">\n\t\t\t\t<div class=\"elementor-widget-container\">\n\t\t\t\t\t\t\t\t<div class=\"elementor-text-editor elementor-clearfix\">\n\t\t\t\t<p><em>\u00ab \u00c0 la Clinique de Physio-Sant\u00e9 de Sherbrooke, nous accompagnons nos patients dans la compr\u00e9hension de leurs troubles musculosquelettiques. Gr\u00e2ce \u00e0 une \u00e9valuation compl\u00e8te et un diagnostic pr\u00e9cis en physioth\u00e9rapie, nous collaborons avec vous pour favoriser une r\u00e9cup\u00e9ration rapide et efficace.<\/em><br \/><em>Un traitement adapt\u00e9, des conseils avis\u00e9s et des exercices cibl\u00e9s : voil\u00e0 la cl\u00e9 d\u2019une gu\u00e9rison r\u00e9ussie!\u00bb\u00a0<\/em><\/p>\t\t\t\t\t<\/div>\n\t\t\t\t\t\t<\/div>\n\t\t\t\t<\/div>\n\t\t\t\t\t\t<\/div>\n\t\t\t\t\t<\/div>\n\t\t<\/div>\n\t\t\t\t\t\t\t\t<\/div>\n\t\t\t\t\t<\/div>\n\t\t<\/section>\n\t\t\t\t\t\t\t\t\t<\/div>\n\t\t\t<\/div>\n\t\t\t\t\t<\/div>\n\t\t","protected":false},"excerpt":{"rendered":"<p>Mathieu Jett\u00e9, votre physioth\u00e9rapeute \u00e0 Sherbrooke \u00e0 la Clinique Physio-Sant\u00e9, le centre de physioth\u00e9rapie par excellence. Puncture physioth\u00e9rapique.<\/p>\n","protected":false},"author":2,"featured_media":1564,"parent":0,"menu_order":0,"comment_status":"closed","ping_status":"closed","template":"elementor_header_footer","meta":[],"aioseo_notices":[],"_links":{"self":[{"href":"https:\/\/www.cliniquephysiosante.com\/physiotherapie\/wp-json\/wp\/v2\/pages\/1819"}],"collection":[{"href":"https:\/\/www.cliniquephysiosante.com\/physiotherapie\/wp-json\/wp\/v2\/pages"}],"about":[{"href":"https:\/\/www.cliniquephysiosante.com\/physiotherapie\/wp-json\/wp\/v2\/types\/page"}],"author":[{"embeddable":true,"href":"https:\/\/www.cliniquephysiosante.com\/physiotherapie\/wp-json\/wp\/v2\/users\/2"}],"replies":[{"embeddable":true,"href":"https:\/\/www.cliniquephysiosante.com\/physiotherapie\/wp-json\/wp\/v2\/comments?post=1819"}],"version-history":[{"count":14,"href":"https:\/\/www.cliniquephysiosante.com\/physiotherapie\/wp-json\/wp\/v2\/pages\/1819\/revisions"}],"predecessor-version":[{"id":1888,"href":"https:\/\/www.cliniquephysiosante.com\/physiotherapie\/wp-json\/wp\/v2\/pages\/1819\/revisions\/1888"}],"wp:featuredmedia":[{"embeddable":true,"href":"https:\/\/www.cliniquephysiosante.com\/physiotherapie\/wp-json\/wp\/v2\/media\/1564"}],"wp:attachment":[{"href":"https:\/\/www.cliniquephysiosante.com\/physiotherapie\/wp-json\/wp\/v2\/media?parent=1819"}],"curies":[{"name":"wp","href":"https:\/\/api.w.org\/{rel}","templated":true}]}}