{"id":190,"date":"2019-03-07T02:54:37","date_gmt":"2019-03-07T02:54:37","guid":{"rendered":"https:\/\/cliniquephysiosante.com\/physiotherapie\/?page_id=190"},"modified":"2024-12-17T16:33:35","modified_gmt":"2024-12-17T21:33:35","slug":"physiotherapeute-claude-dion","status":"publish","type":"page","link":"https:\/\/www.cliniquephysiosante.com\/physiotherapie\/physiotherapeute-claude-dion\/","title":{"rendered":"Physiotherapeute Claude Dion"},"content":{"rendered":"\t\t<div data-elementor-type=\"wp-post\" data-elementor-id=\"190\" class=\"elementor elementor-190\">\n\t\t\t\t\t\t<div class=\"elementor-inner\">\n\t\t\t\t<div class=\"elementor-section-wrap\">\n\t\t\t\t\t\t\t\t\t<section class=\"elementor-section elementor-top-section elementor-element elementor-element-4d00918 elementor-section-stretched elementor-section-height-min-height elementor-section-boxed elementor-section-height-default elementor-section-items-middle\" data-id=\"4d00918\" data-element_type=\"section\" data-settings=\"{&quot;stretch_section&quot;:&quot;section-stretched&quot;,&quot;background_background&quot;:&quot;classic&quot;}\">\n\t\t\t\t\t\t<div class=\"elementor-container elementor-column-gap-no\">\n\t\t\t\t\t\t\t<div class=\"elementor-row\">\n\t\t\t\t\t<div class=\"elementor-column elementor-col-100 elementor-top-column elementor-element elementor-element-2067d06\" data-id=\"2067d06\" data-element_type=\"column\">\n\t\t\t<div class=\"elementor-column-wrap elementor-element-populated\">\n\t\t\t\t\t\t\t<div class=\"elementor-widget-wrap\">\n\t\t\t\t\t\t<div class=\"elementor-element elementor-element-92a3998 elementor-widget elementor-widget-heading\" data-id=\"92a3998\" data-element_type=\"widget\" data-widget_type=\"heading.default\">\n\t\t\t\t<div class=\"elementor-widget-container\">\n\t\t\t<h1 class=\"elementor-heading-title elementor-size-default\">VOS PHYSIOTH\u00c9RAPEUTES \u00c0 SHERBROOKE<\/h1>\t\t<\/div>\n\t\t\t\t<\/div>\n\t\t\t\t\t\t<\/div>\n\t\t\t\t\t<\/div>\n\t\t<\/div>\n\t\t\t\t\t\t\t\t<\/div>\n\t\t\t\t\t<\/div>\n\t\t<\/section>\n\t\t\t\t<section class=\"elementor-section elementor-top-section elementor-element elementor-element-a12a7cc elementor-section-boxed elementor-section-height-default elementor-section-height-default\" data-id=\"a12a7cc\" data-element_type=\"section\" data-settings=\"{&quot;background_background&quot;:&quot;classic&quot;}\">\n\t\t\t\t\t\t<div class=\"elementor-container elementor-column-gap-default\">\n\t\t\t\t\t\t\t<div class=\"elementor-row\">\n\t\t\t\t\t<div class=\"elementor-column elementor-col-50 elementor-top-column elementor-element elementor-element-60cc8f7\" data-id=\"60cc8f7\" data-element_type=\"column\">\n\t\t\t<div class=\"elementor-column-wrap elementor-element-populated\">\n\t\t\t\t\t\t\t<div class=\"elementor-widget-wrap\">\n\t\t\t\t\t\t<div class=\"elementor-element elementor-element-1fdf858 elementor-widget elementor-widget-heading\" data-id=\"1fdf858\" data-element_type=\"widget\" data-widget_type=\"heading.default\">\n\t\t\t\t<div class=\"elementor-widget-container\">\n\t\t\t<h2 class=\"elementor-heading-title elementor-size-default\"><font color=\"#FFFFFF\"><b>Claude DION, physioth\u00e9rapeute<\/b><\/font><br><span><font size=\"3\" color=\"#FFFFCC\">\nBaccalaur\u00e9at en physioth\u00e9rapie 1989-1992, dipl\u00f4m\u00e9 de l'Universit\u00e9 Laval \u00e0 Qu\u00e9bec\n \n <\/font><\/span><\/h2>\t\t<\/div>\n\t\t\t\t<\/div>\n\t\t\t\t\t\t<\/div>\n\t\t\t\t\t<\/div>\n\t\t<\/div>\n\t\t\t\t<div class=\"elementor-column elementor-col-50 elementor-top-column elementor-element elementor-element-02d9cb3\" data-id=\"02d9cb3\" data-element_type=\"column\">\n\t\t\t<div class=\"elementor-column-wrap elementor-element-populated\">\n\t\t\t\t\t\t\t<div class=\"elementor-widget-wrap\">\n\t\t\t\t\t\t<div class=\"elementor-element elementor-element-1ed0db6 elementor-widget elementor-widget-image\" data-id=\"1ed0db6\" data-element_type=\"widget\" data-widget_type=\"image.default\">\n\t\t\t\t<div class=\"elementor-widget-container\">\n\t\t\t\t\t\t\t\t<div class=\"elementor-image\">\n\t\t\t\t\t\t\t\t\t\t\t\t<img decoding=\"async\" width=\"200\" height=\"110\" src=\"https:\/\/www.cliniquephysiosante.com\/physiotherapie\/wp-content\/uploads\/2024\/06\/OPPQ_membre_blanc200px.png\" class=\"attachment-full size-full wp-image-1055\" alt=\"membre de Ordre Professionnel de la Physioth\u00e9rapie du Qu\u00e9bec\" loading=\"lazy\" \/>\t\t\t\t\t\t\t\t\t\t\t\t\t\t<\/div>\n\t\t\t\t\t\t<\/div>\n\t\t\t\t<\/div>\n\t\t\t\t\t\t<\/div>\n\t\t\t\t\t<\/div>\n\t\t<\/div>\n\t\t\t\t\t\t\t\t<\/div>\n\t\t\t\t\t<\/div>\n\t\t<\/section>\n\t\t\t\t<section class=\"elementor-section elementor-top-section elementor-element elementor-element-7f35eaf elementor-section-boxed elementor-section-height-default elementor-section-height-default\" data-id=\"7f35eaf\" data-element_type=\"section\">\n\t\t\t\t\t\t<div class=\"elementor-container elementor-column-gap-default\">\n\t\t\t\t\t\t\t<div class=\"elementor-row\">\n\t\t\t\t\t<div class=\"elementor-column elementor-col-100 elementor-top-column elementor-element elementor-element-0dc11ac\" data-id=\"0dc11ac\" data-element_type=\"column\">\n\t\t\t<div class=\"elementor-column-wrap elementor-element-populated\">\n\t\t\t\t\t\t\t<div class=\"elementor-widget-wrap\">\n\t\t\t\t\t\t<div class=\"elementor-element elementor-element-ab02772 elementor-widget elementor-widget-spacer\" data-id=\"ab02772\" data-element_type=\"widget\" data-widget_type=\"spacer.default\">\n\t\t\t\t<div class=\"elementor-widget-container\">\n\t\t\t\t\t<div class=\"elementor-spacer\">\n\t\t\t<div class=\"elementor-spacer-inner\"><\/div>\n\t\t<\/div>\n\t\t\t\t<\/div>\n\t\t\t\t<\/div>\n\t\t\t\t<div class=\"elementor-element elementor-element-7e0d660 elementor-widget elementor-widget-heading\" data-id=\"7e0d660\" data-element_type=\"widget\" data-widget_type=\"heading.default\">\n\t\t\t\t<div class=\"elementor-widget-container\">\n\t\t\t<h2 class=\"elementor-heading-title elementor-size-default\">\u00ab Assurement la clinique des physioth\u00e9rapeutes \u00e0 Sherbrooke avec un environnement stimulant.\u00bb <\/h2>\t\t<\/div>\n\t\t\t\t<\/div>\n\t\t\t\t<div class=\"elementor-element elementor-element-7a08eeb elementor-widget elementor-widget-text-editor\" data-id=\"7a08eeb\" data-element_type=\"widget\" data-widget_type=\"text-editor.default\">\n\t\t\t\t<div class=\"elementor-widget-container\">\n\t\t\t\t\t\t\t\t<div class=\"elementor-text-editor elementor-clearfix\">\n\t\t\t\t<p><strong>Claude Dion<\/strong>, pht pratique la physioth\u00e9rapie dans la r\u00e9gion de Sherbrooke depuis 1992. Il a d&rsquo;abord travaill\u00e9 en milieu hospitalier, puis a poursuivi sa carri\u00e8re en clinique priv\u00e9e. C&rsquo;est en 1996 que M. Dion d\u00e9marre sa Clinique de physioth\u00e9rapie : la <a title=\"clinique physiotherapeute sherbrooke\" href=\"https:\/\/www.cliniquephysiosante.com\/physiotherapie\/clinique-physio-sante-sherbrooke\/\">clinique Physio-Sant\u00e9<\/a> dont le succ\u00e8s repose sur la qualit\u00e9 garantie du service et la satisfaction de la client\u00e8le.<\/p><p>Dans sa pratique de <b>physioth\u00e9rapeute, Claude Dion<\/b> offre une approche globale en traitant \u00e0 la fois les articulations et les muscles qui les contr\u00f4lent dans le but de gu\u00e9rir et pr\u00e9venir les blessures. Les traitements offerts int\u00e8grent des techniques de th\u00e9rapie manuelle, d&rsquo;ost\u00e9opathie articulaire et musculaire, de l&rsquo;\u00e9ducation et de l&rsquo;enseignement d&rsquo;exercices sp\u00e9cialis\u00e9s.<\/p><h3><strong><img decoding=\"async\" loading=\"lazy\" class=\"alignright size-full wp-image-1581\" src=\"https:\/\/www.cliniquephysiosante.com\/physiotherapie\/wp-content\/uploads\/2024\/12\/physiotherapeute-clinique-physio-sante-claude-Dion-pht.jpg\" alt=\"physiotherapeute Claude Dion en action clinique physiotherapie sherbrooke \" width=\"300\" height=\"400\" srcset=\"https:\/\/www.cliniquephysiosante.com\/physiotherapie\/wp-content\/uploads\/2024\/12\/physiotherapeute-clinique-physio-sante-claude-Dion-pht.jpg 300w, https:\/\/www.cliniquephysiosante.com\/physiotherapie\/wp-content\/uploads\/2024\/12\/physiotherapeute-clinique-physio-sante-claude-Dion-pht-225x300.jpg 225w\" sizes=\"(max-width: 300px) 100vw, 300px\" \/>Formations et Mentions<\/strong><\/h3><p style=\"padding-left: 30px;\">&#8211; Baccalaur\u00e9at en Physioth\u00e9rapie \u00e0 l\u2019Universit\u00e9 de Laval \u00e0 Qu\u00e9bec en 1992<br \/>&#8211; <a title=\"Membre Ordre professionnel de la physiotherapie du Quebec\" href=\"https:\/\/oppq.qc.ca\/\" target=\"_blank\" rel=\"noopener\">Membre de l&rsquo;Ordre Professionnel de la Physioth\u00e9rapie du Qu\u00e9bec<\/a><br \/>&#8211; Ost\u00e9opathie de l&rsquo;Acad\u00e9mie Still pour les techniques articulaires et musculaires<br \/>&#8211; Th\u00e9rapie manuelle pour physioth\u00e9rapeute<br \/>&#8211; Formation pour les tapings en milieu sportif<br \/>&#8211; Dysfonction de stabilit\u00e9 de la colonne cervicale et lombaire<br \/>&#8211; Formation \u00e9valuation et traitements des probl\u00e8mes temporo-mandibulaires<br \/>&#8211; Formation pour taping neuro-proprioceptif et pour le Dynamic Tape<br \/>&#8211; Formation pour cervicalgie et commotion c\u00e9r\u00e9brales 2015<br \/>&#8211; \u00c9valuation et traitement du Vertige Paroxystique Positionnel B\u00e9nin (VPPB) en 2015<br \/>&#8211; Le thorax\u00a0: pour comprendre et intervenir efficacement en 2017<br \/>&#8211; La neurologie simplifi\u00e9e en 2017<br \/>&#8211; L\u2019Articulation Temporo-Mandibulaire (M\u00e2choire) en 2018<br \/>&#8211; L\u2019\u00c9paule\u00a0: \u00c9valuation et traitement en 2018<\/p>\t\t\t\t\t<\/div>\n\t\t\t\t\t\t<\/div>\n\t\t\t\t<\/div>\n\t\t\t\t\t\t<\/div>\n\t\t\t\t\t<\/div>\n\t\t<\/div>\n\t\t\t\t\t\t\t\t<\/div>\n\t\t\t\t\t<\/div>\n\t\t<\/section>\n\t\t\t\t<section class=\"elementor-section elementor-top-section elementor-element elementor-element-00d6473 elementor-section-boxed elementor-section-height-default elementor-section-height-default\" data-id=\"00d6473\" data-element_type=\"section\">\n\t\t\t\t\t\t<div class=\"elementor-container elementor-column-gap-default\">\n\t\t\t\t\t\t\t<div class=\"elementor-row\">\n\t\t\t\t\t<div class=\"elementor-column elementor-col-100 elementor-top-column elementor-element elementor-element-b63a3dc\" data-id=\"b63a3dc\" data-element_type=\"column\">\n\t\t\t<div class=\"elementor-column-wrap elementor-element-populated\">\n\t\t\t\t\t\t\t<div class=\"elementor-widget-wrap\">\n\t\t\t\t\t\t<div class=\"elementor-element elementor-element-4cc0d60 elementor-widget elementor-widget-spacer\" data-id=\"4cc0d60\" data-element_type=\"widget\" data-widget_type=\"spacer.default\">\n\t\t\t\t<div class=\"elementor-widget-container\">\n\t\t\t\t\t<div class=\"elementor-spacer\">\n\t\t\t<div class=\"elementor-spacer-inner\"><\/div>\n\t\t<\/div>\n\t\t\t\t<\/div>\n\t\t\t\t<\/div>\n\t\t\t\t<div class=\"elementor-element elementor-element-850b5af elementor-widget elementor-widget-gallery\" data-id=\"850b5af\" data-element_type=\"widget\" data-settings=\"{&quot;columns&quot;:3,&quot;aspect_ratio&quot;:&quot;1:1&quot;,&quot;lazyload&quot;:&quot;yes&quot;,&quot;gallery_layout&quot;:&quot;grid&quot;,&quot;columns_tablet&quot;:2,&quot;columns_mobile&quot;:1,&quot;gap&quot;:{&quot;unit&quot;:&quot;px&quot;,&quot;size&quot;:10,&quot;sizes&quot;:[]},&quot;gap_tablet&quot;:{&quot;unit&quot;:&quot;px&quot;,&quot;size&quot;:10,&quot;sizes&quot;:[]},&quot;gap_mobile&quot;:{&quot;unit&quot;:&quot;px&quot;,&quot;size&quot;:10,&quot;sizes&quot;:[]},&quot;link_to&quot;:&quot;file&quot;,&quot;overlay_background&quot;:&quot;yes&quot;,&quot;content_hover_animation&quot;:&quot;fade-in&quot;}\" data-widget_type=\"gallery.default\">\n\t\t\t\t<div class=\"elementor-widget-container\">\n\t\t\t\t\t<div class=\"elementor-gallery__container\">\n\t\t\t\t\t\t\t<a class=\"e-gallery-item elementor-gallery-item elementor-animated-content\" href=\"https:\/\/www.cliniquephysiosante.com\/physiotherapie\/wp-content\/uploads\/2024\/12\/physiotherapeute-sherbrooke-physio-sante-claude-Dion-pht.jpg\" data-elementor-open-lightbox=\"yes\" data-elementor-lightbox-slideshow=\"all-850b5af\" data-elementor-lightbox-title=\"physiotherapeute sherbrooke physio-sante claude Dion,pht\" data-e-action-hash=\"#elementor-action%3Aaction%3Dlightbox%26settings%3DeyJpZCI6MTU3NywidXJsIjoiaHR0cHM6XC9cL3d3dy5jbGluaXF1ZXBoeXNpb3NhbnRlLmNvbVwvcGh5c2lvdGhlcmFwaWVcL3dwLWNvbnRlbnRcL3VwbG9hZHNcLzIwMjRcLzEyXC9waHlzaW90aGVyYXBldXRlLXNoZXJicm9va2UtcGh5c2lvLXNhbnRlLWNsYXVkZS1EaW9uLXBodC5qcGciLCJzbGlkZXNob3ciOiJhbGwtODUwYjVhZiJ9\">\n\t\t\t\t\t<div class=\"e-gallery-image elementor-gallery-item__image\" data-thumbnail=\"https:\/\/www.cliniquephysiosante.com\/physiotherapie\/wp-content\/uploads\/2024\/12\/physiotherapeute-sherbrooke-physio-sante-claude-Dion-pht.jpg\" data-width=\"300\" data-height=\"400\" aria-label=\"physiotherapeute sherbrooke physio-sante claude Dion,pht\" role=\"img\" ><\/div>\n\t\t\t\t\t\t\t\t\t\t\t<div class=\"elementor-gallery-item__overlay\"><\/div>\n\t\t\t\t\t\t\t\t\t\t\t\t\t\t<\/a>\n\t\t\t\t\t\t\t<a class=\"e-gallery-item elementor-gallery-item elementor-animated-content\" href=\"https:\/\/www.cliniquephysiosante.com\/physiotherapie\/wp-content\/uploads\/2024\/12\/physiotherapeute-sherbrooke-physio-sante-claude-Dion.jpg\" data-elementor-open-lightbox=\"yes\" data-elementor-lightbox-slideshow=\"all-850b5af\" data-elementor-lightbox-title=\"physiotherapeute-sherbrooke-physio-sante-claude-Dion\" data-e-action-hash=\"#elementor-action%3Aaction%3Dlightbox%26settings%3DeyJpZCI6MTU3OCwidXJsIjoiaHR0cHM6XC9cL3d3dy5jbGluaXF1ZXBoeXNpb3NhbnRlLmNvbVwvcGh5c2lvdGhlcmFwaWVcL3dwLWNvbnRlbnRcL3VwbG9hZHNcLzIwMjRcLzEyXC9waHlzaW90aGVyYXBldXRlLXNoZXJicm9va2UtcGh5c2lvLXNhbnRlLWNsYXVkZS1EaW9uLmpwZyIsInNsaWRlc2hvdyI6ImFsbC04NTBiNWFmIn0%3D\">\n\t\t\t\t\t<div class=\"e-gallery-image elementor-gallery-item__image\" data-thumbnail=\"https:\/\/www.cliniquephysiosante.com\/physiotherapie\/wp-content\/uploads\/2024\/12\/physiotherapeute-sherbrooke-physio-sante-claude-Dion.jpg\" data-width=\"300\" data-height=\"400\" aria-label=\"physiotherapeute sherbrooke physio-sante claude Dion,pht\" role=\"img\" ><\/div>\n\t\t\t\t\t\t\t\t\t\t\t<div class=\"elementor-gallery-item__overlay\"><\/div>\n\t\t\t\t\t\t\t\t\t\t\t\t\t\t<\/a>\n\t\t\t\t\t\t\t<a class=\"e-gallery-item elementor-gallery-item elementor-animated-content\" href=\"https:\/\/www.cliniquephysiosante.com\/physiotherapie\/wp-content\/uploads\/2024\/12\/physiotherapie-sherbrooke-physio-sante-claude-Dion.jpg\" data-elementor-open-lightbox=\"yes\" data-elementor-lightbox-slideshow=\"all-850b5af\" data-elementor-lightbox-title=\"physiotherapie sherbrooke clinique physio-sante\" data-e-action-hash=\"#elementor-action%3Aaction%3Dlightbox%26settings%3DeyJpZCI6MTU3OSwidXJsIjoiaHR0cHM6XC9cL3d3dy5jbGluaXF1ZXBoeXNpb3NhbnRlLmNvbVwvcGh5c2lvdGhlcmFwaWVcL3dwLWNvbnRlbnRcL3VwbG9hZHNcLzIwMjRcLzEyXC9waHlzaW90aGVyYXBpZS1zaGVyYnJvb2tlLXBoeXNpby1zYW50ZS1jbGF1ZGUtRGlvbi5qcGciLCJzbGlkZXNob3ciOiJhbGwtODUwYjVhZiJ9\">\n\t\t\t\t\t<div class=\"e-gallery-image elementor-gallery-item__image\" data-thumbnail=\"https:\/\/www.cliniquephysiosante.com\/physiotherapie\/wp-content\/uploads\/2024\/12\/physiotherapie-sherbrooke-physio-sante-claude-Dion.jpg\" data-width=\"300\" data-height=\"400\" aria-label=\"physiotherapie sherbrooke clinique physio-sante\" role=\"img\" ><\/div>\n\t\t\t\t\t\t\t\t\t\t\t<div class=\"elementor-gallery-item__overlay\"><\/div>\n\t\t\t\t\t\t\t\t\t\t\t\t\t\t<\/a>\n\t\t\t\t\t<\/div>\n\t\t\t<\/div>\n\t\t\t\t<\/div>\n\t\t\t\t\t\t<\/div>\n\t\t\t\t\t<\/div>\n\t\t<\/div>\n\t\t\t\t\t\t\t\t<\/div>\n\t\t\t\t\t<\/div>\n\t\t<\/section>\n\t\t\t\t<section class=\"elementor-section elementor-top-section elementor-element elementor-element-5f3d67d elementor-section-boxed elementor-section-height-default elementor-section-height-default\" data-id=\"5f3d67d\" data-element_type=\"section\">\n\t\t\t\t\t\t<div class=\"elementor-container elementor-column-gap-default\">\n\t\t\t\t\t\t\t<div class=\"elementor-row\">\n\t\t\t\t\t<div class=\"elementor-column elementor-col-100 elementor-top-column elementor-element elementor-element-3213add\" data-id=\"3213add\" data-element_type=\"column\">\n\t\t\t<div class=\"elementor-column-wrap elementor-element-populated\">\n\t\t\t\t\t\t\t<div class=\"elementor-widget-wrap\">\n\t\t\t\t\t\t<div class=\"elementor-element elementor-element-0edc977 elementor-widget elementor-widget-spacer\" data-id=\"0edc977\" data-element_type=\"widget\" data-widget_type=\"spacer.default\">\n\t\t\t\t<div class=\"elementor-widget-container\">\n\t\t\t\t\t<div class=\"elementor-spacer\">\n\t\t\t<div class=\"elementor-spacer-inner\"><\/div>\n\t\t<\/div>\n\t\t\t\t<\/div>\n\t\t\t\t<\/div>\n\t\t\t\t<div class=\"elementor-element elementor-element-41f6203 elementor-widget elementor-widget-text-editor\" data-id=\"41f6203\" data-element_type=\"widget\" data-widget_type=\"text-editor.default\">\n\t\t\t\t<div class=\"elementor-widget-container\">\n\t\t\t\t\t\t\t\t<div class=\"elementor-text-editor elementor-clearfix\">\n\t\t\t\t<p><em>\u00ab Peu importe votre \u00e2ge, la physioth\u00e9rapie joue un r\u00f4le essentiel dans la pr\u00e9vention, le soulagement et le traitement de divers probl\u00e8mes de sant\u00e9 physique. Qu&rsquo;il s&rsquo;agisse de maux de dos, d&rsquo;entorses, de troubles du d\u00e9veloppement moteur chez l&rsquo;enfant ou encore d&rsquo;incontinence, la physioth\u00e9rapie propose des solutions adapt\u00e9es pour am\u00e9liorer votre condition.<\/em><\/p><p><em>En tant que science de la sant\u00e9, la physioth\u00e9rapie vise \u00e0 vous aider \u00e0 retrouver vos capacit\u00e9s physiques optimales afin de vous permettre de r\u00e9aliser vos activit\u00e9s quotidiennes, d&rsquo;accomplir vos t\u00e2ches professionnelles, de pratiquer un loisir ou un sport, tout en tenant compte de votre \u00e9tat et de votre potentiel de r\u00e9cup\u00e9ration. Elle contribue ainsi \u00e0 votre autonomie et favorise votre participation active dans votre vie personnelle et sociale.\u00bb\u00a0<\/em><\/p>\t\t\t\t\t<\/div>\n\t\t\t\t\t\t<\/div>\n\t\t\t\t<\/div>\n\t\t\t\t\t\t<\/div>\n\t\t\t\t\t<\/div>\n\t\t<\/div>\n\t\t\t\t\t\t\t\t<\/div>\n\t\t\t\t\t<\/div>\n\t\t<\/section>\n\t\t\t\t\t\t\t\t\t<\/div>\n\t\t\t<\/div>\n\t\t\t\t\t<\/div>\n\t\t","protected":false},"excerpt":{"rendered":"<p>Claude Dion, votre physioth\u00e9rapeute \u00e0 Sherbrooke \u00e0 la Clinique Physio-Sant\u00e9, le centre de physioth\u00e9rapie par excellence. Traitements de physio certifi\u00e9s.<\/p>\n","protected":false},"author":1,"featured_media":197,"parent":0,"menu_order":0,"comment_status":"closed","ping_status":"closed","template":"elementor_header_footer","meta":[],"aioseo_notices":[],"_links":{"self":[{"href":"https:\/\/www.cliniquephysiosante.com\/physiotherapie\/wp-json\/wp\/v2\/pages\/190"}],"collection":[{"href":"https:\/\/www.cliniquephysiosante.com\/physiotherapie\/wp-json\/wp\/v2\/pages"}],"about":[{"href":"https:\/\/www.cliniquephysiosante.com\/physiotherapie\/wp-json\/wp\/v2\/types\/page"}],"author":[{"embeddable":true,"href":"https:\/\/www.cliniquephysiosante.com\/physiotherapie\/wp-json\/wp\/v2\/users\/1"}],"replies":[{"embeddable":true,"href":"https:\/\/www.cliniquephysiosante.com\/physiotherapie\/wp-json\/wp\/v2\/comments?post=190"}],"version-history":[{"count":54,"href":"https:\/\/www.cliniquephysiosante.com\/physiotherapie\/wp-json\/wp\/v2\/pages\/190\/revisions"}],"predecessor-version":[{"id":1645,"href":"https:\/\/www.cliniquephysiosante.com\/physiotherapie\/wp-json\/wp\/v2\/pages\/190\/revisions\/1645"}],"wp:featuredmedia":[{"embeddable":true,"href":"https:\/\/www.cliniquephysiosante.com\/physiotherapie\/wp-json\/wp\/v2\/media\/197"}],"wp:attachment":[{"href":"https:\/\/www.cliniquephysiosante.com\/physiotherapie\/wp-json\/wp\/v2\/media?parent=190"}],"curies":[{"name":"wp","href":"https:\/\/api.w.org\/{rel}","templated":true}]}}