{"id":220,"date":"2019-03-07T15:05:33","date_gmt":"2019-03-07T15:05:33","guid":{"rendered":"https:\/\/cliniquephysiosante.com\/physiotherapie\/?page_id=220"},"modified":"2025-01-09T14:25:19","modified_gmt":"2025-01-09T19:25:19","slug":"physiotherapeute-melissa-laberge","status":"publish","type":"page","link":"https:\/\/www.cliniquephysiosante.com\/physiotherapie\/physiotherapeute-melissa-laberge\/","title":{"rendered":"Physiotherapeute M\u00e9lissa Laberge"},"content":{"rendered":"\t\t<div data-elementor-type=\"wp-post\" data-elementor-id=\"220\" class=\"elementor elementor-220\">\n\t\t\t\t\t\t<div class=\"elementor-inner\">\n\t\t\t\t<div class=\"elementor-section-wrap\">\n\t\t\t\t\t\t\t\t\t<section class=\"elementor-section elementor-top-section elementor-element elementor-element-4d00918 elementor-section-stretched elementor-section-height-min-height elementor-section-boxed elementor-section-height-default elementor-section-items-middle\" data-id=\"4d00918\" data-element_type=\"section\" data-settings=\"{&quot;stretch_section&quot;:&quot;section-stretched&quot;,&quot;background_background&quot;:&quot;classic&quot;}\">\n\t\t\t\t\t\t<div class=\"elementor-container elementor-column-gap-no\">\n\t\t\t\t\t\t\t<div class=\"elementor-row\">\n\t\t\t\t\t<div class=\"elementor-column elementor-col-100 elementor-top-column elementor-element elementor-element-2067d06\" data-id=\"2067d06\" data-element_type=\"column\">\n\t\t\t<div class=\"elementor-column-wrap\">\n\t\t\t\t\t\t\t<div class=\"elementor-widget-wrap\">\n\t\t\t\t\t\t\t\t<\/div>\n\t\t\t\t\t<\/div>\n\t\t<\/div>\n\t\t\t\t\t\t\t\t<\/div>\n\t\t\t\t\t<\/div>\n\t\t<\/section>\n\t\t\t\t<section class=\"elementor-section elementor-top-section elementor-element elementor-element-153dc75 elementor-section-boxed elementor-section-height-default elementor-section-height-default\" data-id=\"153dc75\" data-element_type=\"section\" data-settings=\"{&quot;background_background&quot;:&quot;classic&quot;}\">\n\t\t\t\t\t\t<div class=\"elementor-container elementor-column-gap-default\">\n\t\t\t\t\t\t\t<div class=\"elementor-row\">\n\t\t\t\t\t<div class=\"elementor-column elementor-col-50 elementor-top-column elementor-element elementor-element-2519aae\" data-id=\"2519aae\" data-element_type=\"column\">\n\t\t\t<div class=\"elementor-column-wrap elementor-element-populated\">\n\t\t\t\t\t\t\t<div class=\"elementor-widget-wrap\">\n\t\t\t\t\t\t<div class=\"elementor-element elementor-element-8094a76 elementor-widget elementor-widget-heading\" data-id=\"8094a76\" data-element_type=\"widget\" data-widget_type=\"heading.default\">\n\t\t\t\t<div class=\"elementor-widget-container\">\n\t\t\t<h1 class=\"elementor-heading-title elementor-size-default\"><font color=\"#FFFFFF\"><b>M\u00e9lissa LABERGE, T. Phys<\/b><\/font><br><span><font size=\"3\" color=\"#FFFFCC\">\nTechnologue en Physioth\u00e9rapie et massoth\u00e9rapeute<\/font><\/span><\/h1>\t\t<\/div>\n\t\t\t\t<\/div>\n\t\t\t\t\t\t<\/div>\n\t\t\t\t\t<\/div>\n\t\t<\/div>\n\t\t\t\t<div class=\"elementor-column elementor-col-50 elementor-top-column elementor-element elementor-element-67c22d8\" data-id=\"67c22d8\" data-element_type=\"column\">\n\t\t\t<div class=\"elementor-column-wrap elementor-element-populated\">\n\t\t\t\t\t\t\t<div class=\"elementor-widget-wrap\">\n\t\t\t\t\t\t<div class=\"elementor-element elementor-element-6966491 elementor-widget elementor-widget-image\" data-id=\"6966491\" data-element_type=\"widget\" data-widget_type=\"image.default\">\n\t\t\t\t<div class=\"elementor-widget-container\">\n\t\t\t\t\t\t\t\t<div class=\"elementor-image\">\n\t\t\t\t\t\t\t\t\t\t\t\t<img decoding=\"async\" src=\"https:\/\/www.cliniquephysiosante.com\/physiotherapie\/wp-content\/uploads\/elementor\/thumbs\/OPPQ_membre_blanc200px-qp4k6c0xfoj12quhf58d4hurg2fwt1maze1kytfn3k.png\" title=\"OPPQ_membre_blanc200px\" alt=\"membre de Ordre Professionnel de la Physioth\u00e9rapie du Qu\u00e9bec\" loading=\"lazy\" \/>\t\t\t\t\t\t\t\t\t\t\t\t\t\t<\/div>\n\t\t\t\t\t\t<\/div>\n\t\t\t\t<\/div>\n\t\t\t\t\t\t<\/div>\n\t\t\t\t\t<\/div>\n\t\t<\/div>\n\t\t\t\t\t\t\t\t<\/div>\n\t\t\t\t\t<\/div>\n\t\t<\/section>\n\t\t\t\t<section class=\"elementor-section elementor-top-section elementor-element elementor-element-7f35eaf elementor-section-boxed elementor-section-height-default elementor-section-height-default\" data-id=\"7f35eaf\" data-element_type=\"section\">\n\t\t\t\t\t\t<div class=\"elementor-container elementor-column-gap-default\">\n\t\t\t\t\t\t\t<div class=\"elementor-row\">\n\t\t\t\t\t<div class=\"elementor-column elementor-col-100 elementor-top-column elementor-element elementor-element-0dc11ac\" data-id=\"0dc11ac\" data-element_type=\"column\">\n\t\t\t<div class=\"elementor-column-wrap elementor-element-populated\">\n\t\t\t\t\t\t\t<div class=\"elementor-widget-wrap\">\n\t\t\t\t\t\t<div class=\"elementor-element elementor-element-ab02772 elementor-widget elementor-widget-spacer\" data-id=\"ab02772\" data-element_type=\"widget\" data-widget_type=\"spacer.default\">\n\t\t\t\t<div class=\"elementor-widget-container\">\n\t\t\t\t\t<div class=\"elementor-spacer\">\n\t\t\t<div class=\"elementor-spacer-inner\"><\/div>\n\t\t<\/div>\n\t\t\t\t<\/div>\n\t\t\t\t<\/div>\n\t\t\t\t<div class=\"elementor-element elementor-element-817f22c elementor-widget elementor-widget-heading\" data-id=\"817f22c\" data-element_type=\"widget\" data-widget_type=\"heading.default\">\n\t\t\t\t<div class=\"elementor-widget-container\">\n\t\t\t<h2 class=\"elementor-heading-title elementor-size-default\"><i>\u00ab Les physioth\u00e9rapeutes de clinique de physioth\u00e9rapie Physio-Sant\u00e9 de Sherbrooke excellent gr\u00e2ce \u00e0 leurs formations continues sp\u00e9cialis\u00e9es.\u00bb<\/i><\/h2>\t\t<\/div>\n\t\t\t\t<\/div>\n\t\t\t\t<div class=\"elementor-element elementor-element-7a08eeb elementor-widget elementor-widget-text-editor\" data-id=\"7a08eeb\" data-element_type=\"widget\" data-widget_type=\"text-editor.default\">\n\t\t\t\t<div class=\"elementor-widget-container\">\n\t\t\t\t\t\t\t\t<div class=\"elementor-text-editor elementor-clearfix\">\n\t\t\t\t<p><strong>M\u00e9lissa Laberge <\/strong>est&nbsp;Technologue en physioth\u00e9rapie et massoth\u00e9rapie<strong>&nbsp;<\/strong>et<strong>&nbsp;<\/strong>pratique avec passion depuis plus de 10 ans. M\u00e9lissa a acquis une bonne expertise en milieu sportif en travaillant principalement avec les \u00e9quipes du Vert et Or de l\u2019Universit\u00e9 de Sherbrooke comme th\u00e9rapeute et massoth\u00e9rapeute. Elle a \u00e9t\u00e9 athl\u00e8te de haut niveau en \u00e9tant membre de l\u2019\u00e9quipe canadienne de rugby et elle a poursuivi par la suite comme entraineure pour l\u2019\u00e9quipe de rugby de l\u2019Universit\u00e9 de Sherbrooke.<\/p>\n<p>M\u00e9lissa s\u2019est jointe \u00e0 notre \u00e9quipe en septembre 2017. Dans sa pratique, elle int\u00e8gre la <b>massoth\u00e9rapie, la kin\u00e9sith\u00e9rapie&nbsp;<\/b> et autres techniques de th\u00e9rapie manuelle avec la th\u00e9rapie active et des programmes d\u2019exercices sp\u00e9cialis\u00e9s.<\/p>\n<h3><img decoding=\"async\" loading=\"lazy\" class=\"alignright size-full wp-image-1594\" src=\"https:\/\/www.cliniquephysiosante.com\/physiotherapie\/wp-content\/uploads\/2024\/12\/physiotherapeute-sherbrooke-clinique-physio-sante-melissa-Laberge.jpg\" alt=\"physiotherapeute sherbrooke clinique physio-sante melissa Laberge\" width=\"300\" height=\"400\" srcset=\"https:\/\/www.cliniquephysiosante.com\/physiotherapie\/wp-content\/uploads\/2024\/12\/physiotherapeute-sherbrooke-clinique-physio-sante-melissa-Laberge.jpg 300w, https:\/\/www.cliniquephysiosante.com\/physiotherapie\/wp-content\/uploads\/2024\/12\/physiotherapeute-sherbrooke-clinique-physio-sante-melissa-Laberge-225x300.jpg 225w\" sizes=\"(max-width: 300px) 100vw, 300px\" \/>Formations et mentions<\/h3>\n<p style=\"padding-left: 30px;\">\u2212 Dipl\u00f4me d&rsquo;\u00c9tudes Coll\u00e9giales en Technique de R\u00e9adaptation Physique au Coll\u00e8ge de Sherbrooke de 2000-2003.<br>\u2212 Massoth\u00e9rapie, kin\u00e9sith\u00e9rapie et orthoth\u00e9rapie avec l&rsquo;Acad\u00e9mie de Massage Scientifique de Sherbrooke de 2004-2006.<br>\u2212 Int\u00e9gration clinique de la biom\u00e9canique du genou en 2020<br>\u2212 Techniques de crochetage pour les adh\u00e9rences \u00e0 l&rsquo;Universit\u00e9 du Qu\u00e9bec \u00e0 Trois-Rivi\u00e8res en 2018<br>\u2212 Formation sur le Membre Inf\u00e9rieur\/genou en 2010<br>\u2212 Massage sportif avec Kin\u00e9-Concept en 2009<br>\u2212 Tape neuro-proprioceptif en 2008<br>\u2212 Membre de l&rsquo;Ordre Professionnel de la Physioth\u00e9rapie du Qu\u00e9bec<\/p>\t\t\t\t\t<\/div>\n\t\t\t\t\t\t<\/div>\n\t\t\t\t<\/div>\n\t\t\t\t\t\t<\/div>\n\t\t\t\t\t<\/div>\n\t\t<\/div>\n\t\t\t\t\t\t\t\t<\/div>\n\t\t\t\t\t<\/div>\n\t\t<\/section>\n\t\t\t\t<section class=\"elementor-section elementor-top-section elementor-element elementor-element-065193a elementor-section-boxed elementor-section-height-default elementor-section-height-default\" data-id=\"065193a\" data-element_type=\"section\">\n\t\t\t\t\t\t<div class=\"elementor-container elementor-column-gap-default\">\n\t\t\t\t\t\t\t<div class=\"elementor-row\">\n\t\t\t\t\t<div class=\"elementor-column elementor-col-100 elementor-top-column elementor-element elementor-element-a769558\" data-id=\"a769558\" data-element_type=\"column\">\n\t\t\t<div class=\"elementor-column-wrap elementor-element-populated\">\n\t\t\t\t\t\t\t<div class=\"elementor-widget-wrap\">\n\t\t\t\t\t\t<div class=\"elementor-element elementor-element-e927eaf elementor-widget elementor-widget-spacer\" data-id=\"e927eaf\" data-element_type=\"widget\" data-widget_type=\"spacer.default\">\n\t\t\t\t<div class=\"elementor-widget-container\">\n\t\t\t\t\t<div class=\"elementor-spacer\">\n\t\t\t<div class=\"elementor-spacer-inner\"><\/div>\n\t\t<\/div>\n\t\t\t\t<\/div>\n\t\t\t\t<\/div>\n\t\t\t\t<div class=\"elementor-element elementor-element-7567dca elementor-widget elementor-widget-gallery\" data-id=\"7567dca\" data-element_type=\"widget\" data-settings=\"{&quot;aspect_ratio&quot;:&quot;1:1&quot;,&quot;lazyload&quot;:&quot;yes&quot;,&quot;gallery_layout&quot;:&quot;grid&quot;,&quot;columns&quot;:4,&quot;columns_tablet&quot;:2,&quot;columns_mobile&quot;:1,&quot;gap&quot;:{&quot;unit&quot;:&quot;px&quot;,&quot;size&quot;:10,&quot;sizes&quot;:[]},&quot;gap_tablet&quot;:{&quot;unit&quot;:&quot;px&quot;,&quot;size&quot;:10,&quot;sizes&quot;:[]},&quot;gap_mobile&quot;:{&quot;unit&quot;:&quot;px&quot;,&quot;size&quot;:10,&quot;sizes&quot;:[]},&quot;link_to&quot;:&quot;file&quot;,&quot;overlay_background&quot;:&quot;yes&quot;,&quot;content_hover_animation&quot;:&quot;fade-in&quot;}\" data-widget_type=\"gallery.default\">\n\t\t\t\t<div class=\"elementor-widget-container\">\n\t\t\t\t\t<div class=\"elementor-gallery__container\">\n\t\t\t\t\t\t\t<a class=\"e-gallery-item elementor-gallery-item elementor-animated-content\" href=\"https:\/\/www.cliniquephysiosante.com\/physiotherapie\/wp-content\/uploads\/2024\/12\/physiotherapeute-sherbrooke-clinique-physio-sante3.jpg\" data-elementor-open-lightbox=\"yes\" data-elementor-lightbox-slideshow=\"all-7567dca\" data-elementor-lightbox-title=\"physiotherapeute-sherbrooke-clinique-physio-sante3\" data-e-action-hash=\"#elementor-action%3Aaction%3Dlightbox%26settings%3DeyJpZCI6MTU5OCwidXJsIjoiaHR0cHM6XC9cL3d3dy5jbGluaXF1ZXBoeXNpb3NhbnRlLmNvbVwvcGh5c2lvdGhlcmFwaWVcL3dwLWNvbnRlbnRcL3VwbG9hZHNcLzIwMjRcLzEyXC9waHlzaW90aGVyYXBldXRlLXNoZXJicm9va2UtY2xpbmlxdWUtcGh5c2lvLXNhbnRlMy5qcGciLCJzbGlkZXNob3ciOiJhbGwtNzU2N2RjYSJ9\">\n\t\t\t\t\t<div class=\"e-gallery-image elementor-gallery-item__image\" data-thumbnail=\"https:\/\/www.cliniquephysiosante.com\/physiotherapie\/wp-content\/uploads\/2024\/12\/physiotherapeute-sherbrooke-clinique-physio-sante3.jpg\" data-width=\"300\" data-height=\"400\" aria-label=\"\" role=\"img\" ><\/div>\n\t\t\t\t\t\t\t\t\t\t\t<div class=\"elementor-gallery-item__overlay\"><\/div>\n\t\t\t\t\t\t\t\t\t\t\t\t\t\t<\/a>\n\t\t\t\t\t<\/div>\n\t\t\t<\/div>\n\t\t\t\t<\/div>\n\t\t\t\t\t\t<\/div>\n\t\t\t\t\t<\/div>\n\t\t<\/div>\n\t\t\t\t\t\t\t\t<\/div>\n\t\t\t\t\t<\/div>\n\t\t<\/section>\n\t\t\t\t\t\t\t\t\t<\/div>\n\t\t\t<\/div>\n\t\t\t\t\t<\/div>\n\t\t","protected":false},"excerpt":{"rendered":"<p>M\u00e9lissa LABERGE, T. Phys Technologue en Physioth\u00e9rapie et massoth\u00e9rapeute \u00ab Les physioth\u00e9rapeutes de clinique de physioth\u00e9rapie Physio-Sant\u00e9 de Sherbrooke excellent gr\u00e2ce \u00e0 leurs formations continues sp\u00e9cialis\u00e9es.\u00bb M\u00e9lissa Laberge est&nbsp;Technologue en physioth\u00e9rapie et massoth\u00e9rapie&nbsp;et&nbsp;pratique avec passion depuis plus de 10 ans. M\u00e9lissa a acquis une bonne expertise en milieu sportif en travaillant principalement avec les \u00e9quipes [&hellip;]<\/p>\n","protected":false},"author":1,"featured_media":0,"parent":0,"menu_order":0,"comment_status":"closed","ping_status":"closed","template":"elementor_header_footer","meta":[],"aioseo_notices":[],"_links":{"self":[{"href":"https:\/\/www.cliniquephysiosante.com\/physiotherapie\/wp-json\/wp\/v2\/pages\/220"}],"collection":[{"href":"https:\/\/www.cliniquephysiosante.com\/physiotherapie\/wp-json\/wp\/v2\/pages"}],"about":[{"href":"https:\/\/www.cliniquephysiosante.com\/physiotherapie\/wp-json\/wp\/v2\/types\/page"}],"author":[{"embeddable":true,"href":"https:\/\/www.cliniquephysiosante.com\/physiotherapie\/wp-json\/wp\/v2\/users\/1"}],"replies":[{"embeddable":true,"href":"https:\/\/www.cliniquephysiosante.com\/physiotherapie\/wp-json\/wp\/v2\/comments?post=220"}],"version-history":[{"count":47,"href":"https:\/\/www.cliniquephysiosante.com\/physiotherapie\/wp-json\/wp\/v2\/pages\/220\/revisions"}],"predecessor-version":[{"id":1741,"href":"https:\/\/www.cliniquephysiosante.com\/physiotherapie\/wp-json\/wp\/v2\/pages\/220\/revisions\/1741"}],"wp:attachment":[{"href":"https:\/\/www.cliniquephysiosante.com\/physiotherapie\/wp-json\/wp\/v2\/media?parent=220"}],"curies":[{"name":"wp","href":"https:\/\/api.w.org\/{rel}","templated":true}]}}