{"id":226,"date":"2019-03-07T15:10:06","date_gmt":"2019-03-07T15:10:06","guid":{"rendered":"https:\/\/cliniquephysiosante.com\/physiotherapie\/?page_id=226"},"modified":"2025-01-09T14:52:27","modified_gmt":"2025-01-09T19:52:27","slug":"massotherapeute-karine-loiselle","status":"publish","type":"page","link":"https:\/\/www.cliniquephysiosante.com\/physiotherapie\/massotherapeute-karine-loiselle\/","title":{"rendered":"Massotherapeute Karine Loiselle"},"content":{"rendered":"\t\t<div data-elementor-type=\"wp-post\" data-elementor-id=\"226\" class=\"elementor elementor-226\">\n\t\t\t\t\t\t<div class=\"elementor-inner\">\n\t\t\t\t<div class=\"elementor-section-wrap\">\n\t\t\t\t\t\t\t\t\t<section class=\"elementor-section elementor-top-section elementor-element elementor-element-4d00918 elementor-section-stretched elementor-section-height-min-height elementor-section-boxed elementor-section-height-default elementor-section-items-middle\" data-id=\"4d00918\" data-element_type=\"section\" data-settings=\"{&quot;stretch_section&quot;:&quot;section-stretched&quot;,&quot;background_background&quot;:&quot;classic&quot;}\">\n\t\t\t\t\t\t<div class=\"elementor-container elementor-column-gap-no\">\n\t\t\t\t\t\t\t<div class=\"elementor-row\">\n\t\t\t\t\t<div class=\"elementor-column elementor-col-100 elementor-top-column elementor-element elementor-element-2067d06\" data-id=\"2067d06\" data-element_type=\"column\">\n\t\t\t<div class=\"elementor-column-wrap\">\n\t\t\t\t\t\t\t<div class=\"elementor-widget-wrap\">\n\t\t\t\t\t\t\t\t<\/div>\n\t\t\t\t\t<\/div>\n\t\t<\/div>\n\t\t\t\t\t\t\t\t<\/div>\n\t\t\t\t\t<\/div>\n\t\t<\/section>\n\t\t\t\t<section class=\"elementor-section elementor-top-section elementor-element elementor-element-a12a7cc elementor-section-boxed elementor-section-height-default elementor-section-height-default\" data-id=\"a12a7cc\" data-element_type=\"section\" data-settings=\"{&quot;background_background&quot;:&quot;classic&quot;}\">\n\t\t\t\t\t\t<div class=\"elementor-container elementor-column-gap-default\">\n\t\t\t\t\t\t\t<div class=\"elementor-row\">\n\t\t\t\t\t<div class=\"elementor-column elementor-col-50 elementor-top-column elementor-element elementor-element-60cc8f7\" data-id=\"60cc8f7\" data-element_type=\"column\">\n\t\t\t<div class=\"elementor-column-wrap elementor-element-populated\">\n\t\t\t\t\t\t\t<div class=\"elementor-widget-wrap\">\n\t\t\t\t\t\t<div class=\"elementor-element elementor-element-1fdf858 elementor-widget elementor-widget-heading\" data-id=\"1fdf858\" data-element_type=\"widget\" data-widget_type=\"heading.default\">\n\t\t\t\t<div class=\"elementor-widget-container\">\n\t\t\t<h1 class=\"elementor-heading-title elementor-size-default\"><font color=\"#FFFFFF\"><b>Karine LOISELLE, <i>T. Phys<i><\/i><\/i><\/b><\/font><i><i><br><span><\/span><span><font size=\"3\" color=\"#FFFFCC\">Technologue en Physioth\u00e9rapie et massoth\u00e9rapeute<\/font><\/span><\/i><\/i><\/h1>\t\t<\/div>\n\t\t\t\t<\/div>\n\t\t\t\t\t\t<\/div>\n\t\t\t\t\t<\/div>\n\t\t<\/div>\n\t\t\t\t<div class=\"elementor-column elementor-col-50 elementor-top-column elementor-element elementor-element-02d9cb3\" data-id=\"02d9cb3\" data-element_type=\"column\">\n\t\t\t<div class=\"elementor-column-wrap elementor-element-populated\">\n\t\t\t\t\t\t\t<div class=\"elementor-widget-wrap\">\n\t\t\t\t\t\t<div class=\"elementor-element elementor-element-1ed0db6 elementor-widget elementor-widget-image\" data-id=\"1ed0db6\" data-element_type=\"widget\" data-widget_type=\"image.default\">\n\t\t\t\t<div class=\"elementor-widget-container\">\n\t\t\t\t\t\t\t\t<div class=\"elementor-image\">\n\t\t\t\t\t\t\t\t\t\t\t\t<img decoding=\"async\" src=\"https:\/\/www.cliniquephysiosante.com\/physiotherapie\/wp-content\/uploads\/elementor\/thumbs\/OPPQ_membre_blanc200px-qp4k6c0xfoj12quhf58d4hurg2fwt1maze1kytfn3k.png\" title=\"OPPQ_membre_blanc200px\" alt=\"membre de Ordre Professionnel de la Physioth\u00e9rapie du Qu\u00e9bec\" loading=\"lazy\" \/>\t\t\t\t\t\t\t\t\t\t\t\t\t\t<\/div>\n\t\t\t\t\t\t<\/div>\n\t\t\t\t<\/div>\n\t\t\t\t\t\t<\/div>\n\t\t\t\t\t<\/div>\n\t\t<\/div>\n\t\t\t\t\t\t\t\t<\/div>\n\t\t\t\t\t<\/div>\n\t\t<\/section>\n\t\t\t\t<section class=\"elementor-section elementor-top-section elementor-element elementor-element-7f35eaf elementor-section-boxed elementor-section-height-default elementor-section-height-default\" data-id=\"7f35eaf\" data-element_type=\"section\">\n\t\t\t\t\t\t<div class=\"elementor-container elementor-column-gap-default\">\n\t\t\t\t\t\t\t<div class=\"elementor-row\">\n\t\t\t\t\t<div class=\"elementor-column elementor-col-100 elementor-top-column elementor-element elementor-element-0dc11ac\" data-id=\"0dc11ac\" data-element_type=\"column\">\n\t\t\t<div class=\"elementor-column-wrap elementor-element-populated\">\n\t\t\t\t\t\t\t<div class=\"elementor-widget-wrap\">\n\t\t\t\t\t\t<div class=\"elementor-element elementor-element-ab02772 elementor-widget elementor-widget-spacer\" data-id=\"ab02772\" data-element_type=\"widget\" data-widget_type=\"spacer.default\">\n\t\t\t\t<div class=\"elementor-widget-container\">\n\t\t\t\t\t<div class=\"elementor-spacer\">\n\t\t\t<div class=\"elementor-spacer-inner\"><\/div>\n\t\t<\/div>\n\t\t\t\t<\/div>\n\t\t\t\t<\/div>\n\t\t\t\t<div class=\"elementor-element elementor-element-7e0d660 elementor-widget elementor-widget-heading\" data-id=\"7e0d660\" data-element_type=\"widget\" data-widget_type=\"heading.default\">\n\t\t\t\t<div class=\"elementor-widget-container\">\n\t\t\t<h2 class=\"elementor-heading-title elementor-size-default\"><i>\u00ab La clinique Physio-Sant\u00e9 de Sherbrooke excelle gr\u00e2ce \u00e0 ses formations continues sp\u00e9cialis\u00e9es.\u00bb<\/i><\/h2>\t\t<\/div>\n\t\t\t\t<\/div>\n\t\t\t\t<div class=\"elementor-element elementor-element-7a08eeb elementor-widget elementor-widget-text-editor\" data-id=\"7a08eeb\" data-element_type=\"widget\" data-widget_type=\"text-editor.default\">\n\t\t\t\t<div class=\"elementor-widget-container\">\n\t\t\t\t\t\t\t\t<div class=\"elementor-text-editor elementor-clearfix\">\n\t\t\t\t<p><b>Karine Loiselle<\/b> est technologue en physioth\u00e9rapie et massoth\u00e9rapeute depuis maintenant 7 ans. Elle s\u2019est jointe \u00e0 notre clinique en f\u00e9vrier 2018. Avec notre programme de formation interne et notre expertise, Karine offre une bonne combinaison de techniques manuelles avec une th\u00e9rapie active ax\u00e9e sur la stabilisation lombaire et cervicale et autres programmes d\u2019exercices sp\u00e9cialis\u00e9s.<\/p>\n<h3>Formations et mentions<\/h3>\n<p style=\"padding-left: 30px;\">\u2212 Dipl\u00f4me d&rsquo;\u00c9tudes Coll\u00e9giales en Technique de R\u00e9adaptation Physique au Coll\u00e8ge de Sherbrooke de 2012-2015.<br>\u2212 Membre de l&rsquo;Ordre Professionnel de la Physioth\u00e9rapie du Qu\u00e9bec<br>\u2212 Praticienne en massoth\u00e9rapie et massoth\u00e9rapie avanc\u00e9e \u00e0 l&rsquo;Acad\u00e9mie de Massage Scientifique de 2015-2016.<br>\u2212 D\u00e9mystifier la r\u00e9gion sacro-iliaque et la traiter en 2016<\/p>\t\t\t\t\t<\/div>\n\t\t\t\t\t\t<\/div>\n\t\t\t\t<\/div>\n\t\t\t\t\t\t<\/div>\n\t\t\t\t\t<\/div>\n\t\t<\/div>\n\t\t\t\t\t\t\t\t<\/div>\n\t\t\t\t\t<\/div>\n\t\t<\/section>\n\t\t\t\t\t\t\t\t\t<\/div>\n\t\t\t<\/div>\n\t\t\t\t\t<\/div>\n\t\t","protected":false},"excerpt":{"rendered":"<p>Karine LOISELLE, T. PhysTechnologue en Physioth\u00e9rapie et massoth\u00e9rapeute \u00ab La clinique Physio-Sant\u00e9 de Sherbrooke excelle gr\u00e2ce \u00e0 ses formations continues sp\u00e9cialis\u00e9es.\u00bb Karine Loiselle est technologue en physioth\u00e9rapie et massoth\u00e9rapeute depuis maintenant 7 ans. Elle s\u2019est jointe \u00e0 notre clinique en f\u00e9vrier 2018. Avec notre programme de formation interne et notre expertise, Karine offre une bonne [&hellip;]<\/p>\n","protected":false},"author":1,"featured_media":0,"parent":0,"menu_order":0,"comment_status":"closed","ping_status":"closed","template":"elementor_header_footer","meta":[],"aioseo_notices":[],"_links":{"self":[{"href":"https:\/\/www.cliniquephysiosante.com\/physiotherapie\/wp-json\/wp\/v2\/pages\/226"}],"collection":[{"href":"https:\/\/www.cliniquephysiosante.com\/physiotherapie\/wp-json\/wp\/v2\/pages"}],"about":[{"href":"https:\/\/www.cliniquephysiosante.com\/physiotherapie\/wp-json\/wp\/v2\/types\/page"}],"author":[{"embeddable":true,"href":"https:\/\/www.cliniquephysiosante.com\/physiotherapie\/wp-json\/wp\/v2\/users\/1"}],"replies":[{"embeddable":true,"href":"https:\/\/www.cliniquephysiosante.com\/physiotherapie\/wp-json\/wp\/v2\/comments?post=226"}],"version-history":[{"count":21,"href":"https:\/\/www.cliniquephysiosante.com\/physiotherapie\/wp-json\/wp\/v2\/pages\/226\/revisions"}],"predecessor-version":[{"id":1744,"href":"https:\/\/www.cliniquephysiosante.com\/physiotherapie\/wp-json\/wp\/v2\/pages\/226\/revisions\/1744"}],"wp:attachment":[{"href":"https:\/\/www.cliniquephysiosante.com\/physiotherapie\/wp-json\/wp\/v2\/media?parent=226"}],"curies":[{"name":"wp","href":"https:\/\/api.w.org\/{rel}","templated":true}]}}