{"id":401,"date":"2019-12-06T17:14:02","date_gmt":"2019-12-06T17:14:02","guid":{"rendered":"https:\/\/cliniquephysiosante.com\/physiotherapie\/?page_id=401"},"modified":"2024-12-17T20:23:17","modified_gmt":"2024-12-18T01:23:17","slug":"cnesst-saaq","status":"publish","type":"page","link":"https:\/\/www.cliniquephysiosante.com\/physiotherapie\/cnesst-saaq\/","title":{"rendered":"CNESST SAAQ"},"content":{"rendered":"\t\t<div data-elementor-type=\"wp-post\" data-elementor-id=\"401\" class=\"elementor elementor-401\">\n\t\t\t\t\t\t<div class=\"elementor-inner\">\n\t\t\t\t<div class=\"elementor-section-wrap\">\n\t\t\t\t\t\t\t\t\t<section class=\"elementor-section elementor-top-section elementor-element elementor-element-4d00918 elementor-section-stretched elementor-section-height-min-height elementor-section-items-top elementor-section-content-bottom elementor-section-boxed elementor-section-height-default\" data-id=\"4d00918\" data-element_type=\"section\" data-settings=\"{&quot;stretch_section&quot;:&quot;section-stretched&quot;,&quot;background_background&quot;:&quot;classic&quot;}\">\n\t\t\t\t\t\t<div class=\"elementor-container elementor-column-gap-no\">\n\t\t\t\t\t\t\t<div class=\"elementor-row\">\n\t\t\t\t\t<div class=\"elementor-column elementor-col-100 elementor-top-column elementor-element elementor-element-2067d06\" data-id=\"2067d06\" data-element_type=\"column\">\n\t\t\t<div class=\"elementor-column-wrap\">\n\t\t\t\t\t\t\t<div class=\"elementor-widget-wrap\">\n\t\t\t\t\t\t\t\t<\/div>\n\t\t\t\t\t<\/div>\n\t\t<\/div>\n\t\t\t\t\t\t\t\t<\/div>\n\t\t\t\t\t<\/div>\n\t\t<\/section>\n\t\t\t\t<section class=\"elementor-section elementor-top-section elementor-element elementor-element-7f35eaf elementor-section-boxed elementor-section-height-default elementor-section-height-default\" data-id=\"7f35eaf\" data-element_type=\"section\">\n\t\t\t\t\t\t<div class=\"elementor-container elementor-column-gap-default\">\n\t\t\t\t\t\t\t<div class=\"elementor-row\">\n\t\t\t\t\t<div class=\"elementor-column elementor-col-50 elementor-top-column elementor-element elementor-element-0dc11ac\" data-id=\"0dc11ac\" data-element_type=\"column\">\n\t\t\t<div class=\"elementor-column-wrap elementor-element-populated\">\n\t\t\t\t\t\t\t<div class=\"elementor-widget-wrap\">\n\t\t\t\t\t\t<div class=\"elementor-element elementor-element-2fcdcb5 elementor-widget elementor-widget-spacer\" data-id=\"2fcdcb5\" data-element_type=\"widget\" data-widget_type=\"spacer.default\">\n\t\t\t\t<div class=\"elementor-widget-container\">\n\t\t\t\t\t<div class=\"elementor-spacer\">\n\t\t\t<div class=\"elementor-spacer-inner\"><\/div>\n\t\t<\/div>\n\t\t\t\t<\/div>\n\t\t\t\t<\/div>\n\t\t\t\t<div class=\"elementor-element elementor-element-7e0d660 elementor-widget elementor-widget-heading\" data-id=\"7e0d660\" data-element_type=\"widget\" data-widget_type=\"heading.default\">\n\t\t\t\t<div class=\"elementor-widget-container\">\n\t\t\t<h1 class=\"elementor-heading-title elementor-size-default\">INFORMATIONS CNESST ET SAAQ<\/h1>\t\t<\/div>\n\t\t\t\t<\/div>\n\t\t\t\t<div class=\"elementor-element elementor-element-7a08eeb elementor-widget elementor-widget-text-editor\" data-id=\"7a08eeb\" data-element_type=\"widget\" data-widget_type=\"text-editor.default\">\n\t\t\t\t<div class=\"elementor-widget-container\">\n\t\t\t\t\t\t\t\t<div class=\"elementor-text-editor elementor-clearfix\">\n\t\t\t\t<h5>Quoi<strong> faire en cas d\u2019accident de travail ?&nbsp;<\/strong><\/h5>\n<p>Si vous avez \u00e9t\u00e9 victime d\u2019un accident de travail, il est primordial de remplir un rapport d\u2019accident la journ\u00e9e m\u00eame. Si cet \u00e9v\u00e9nement am\u00e8ne des probl\u00e8mes physiques et que vous souhaitez recevoir des traitements \u00e0 cet effet, la CNESST recommande de voir un m\u00e9decin dans les 48-72 heures \u00e0 la suite de l\u2019accident de travail (que ce soit un m\u00e9decin d\u2019urgence ou votre m\u00e9decin de famille).<\/p>\n<p>Le m\u00e9decin doit remplir un formulaire initial pour la CNESST et une prescription pour la physioth\u00e9rapie. De votre c\u00f4t\u00e9, il est important de remplir la r\u00e9clamation du travailleur dans les plus brefs d\u00e9lais, ce document ressemble beaucoup \u00e0 un rapport d\u2019accident et est n\u00e9cessaire pour l\u2019ouverture du dossier. Tous les documents peuvent \u00eatre compl\u00e9t\u00e9s en ligne sur&nbsp;<a style=\"background-color: #ffffff; font-size: 16.0016px;\" href=\"https:\/\/www.cnesst.gouv.qc.ca\/mon-espace\/travailleur\/Pages\/default.aspx?_ga=2.190063723.1941338456.1572901027-1474398642.1572901027\" target=\"_blank\" rel=\"noopener\">la plateforme en ligne de la CNESST.<\/a><\/p>\n<p>D\u00e8s que vous avez votre prescription de physioth\u00e9rapie en main, vous pouvez appeler \u00e0 la <strong>clinique Physio-Sant\u00e9<\/strong> pour prendre rendez-vous et ainsi d\u00e9buter votre processus de r\u00e9adaptation sans d\u00e9lai. M\u00eame si vous n\u2019avez pas encore autoris\u00e9, la CNESST d\u00e9fraie la physioth\u00e9rapie tout au long de l\u2019analyse du dossier. Advenant un refus de votre dossier, il est important de savoir que vous n\u2019aurez pas \u00e0 rembourser les frais pour les traitements de physioth\u00e9rapie et ergoth\u00e9rapie re\u00e7us.<\/p>\n<p>La CNESST rembourse \u00e9galement les frais de d\u00e9placements associ\u00e9s aux rendez-vous m\u00e9dicaux et de r\u00e9adaptation et pour les m\u00e9dicaments prescrits dans le cadre de votre accident de travail.<\/p>\n<p>Pour toute autres questions au sujet des traitements de physioth\u00e9rapie et ergoth\u00e9rapie pour un dossier CNESST, n\u2019h\u00e9sitez pas \u00e0 nous contacter \u00e0 la Clinique Physio-Sant\u00e9 au <a href=\"tel: 8195730400\" target=\"_blank\" rel=\"noopener\">819-573-0400<\/a>.<\/p>\n<h5><strong>Quoi faire en cas d\u2019accident de la route?<\/strong><\/h5>\n<p>Vous avez \u00e9t\u00e9 victime d\u2019un accident de voiture et vous souhaitez savoir comment avoir acc\u00e8s \u00e0 des traitements de physioth\u00e9rapie? \u00c0 la suite d\u2019un accident de la route impliquant un v\u00e9hicule motoris\u00e9 (V\u00e9hicule r\u00e9cr\u00e9atif, moto, voiture, mobylette, ce qui inclue cycliste ou pi\u00e9ton happ\u00e9 par un de ces v\u00e9hicules) la victime a droit \u00e0 des traitements de physioth\u00e9rapie sous r\u00e9f\u00e9rence d\u2019un m\u00e9decin. Il est obligatoire qu\u2019un m\u00e9decin ait rempli un formulaire pour la <strong>SAAQ<\/strong> et une prescription portant la mention physioth\u00e9rapie afin de pouvoir faire une demande.<\/p>\n<p>Pour obtenir un<strong> num\u00e9ro de r\u00e9clamation<\/strong> \u00e0 8 chiffres, allez sur le site de la SAAQ en cliquant sur ce <a href=\"https:\/\/saaq.gouv.qc.ca\/accident-route\/en-cas-accident\" target=\"_blank\" rel=\"noopener\">lien<\/a>.<\/p>\n<p><strong>Lorsque vous aurez re\u00e7u votre num\u00e9ro de r\u00e9clamation<\/strong>, vous pourrez d\u00e8s lors prendre rendez-vous \u00e0 la clinique Physio-Sant\u00e9. Nous d\u00e9butons les traitements sans d\u00e9lai et nous faisons directement affaire avec la SAAQ pour l\u2019autorisation du dossier et les frais de traitements.<\/p>\n<p>Des frais de 12$ par traitement de physioth\u00e9rapie sont demand\u00e9s aux clients faisant affaire avec la SAAQ. Nous produisons des re\u00e7us officiels pouvant \u00eatre transmis \u00e0 <b>votre assurance automobile<\/b> pour vous permettre de vous faire<b> rembourser l&rsquo;enti\u00e8ret\u00e9 du montant<\/b> reli\u00e9s \u00e0 vos traitements. En effet, la plupart des assurances automobiles contiennent <b>l&rsquo;avenant FAQ 34<\/b>, soit une protection qui indemnise en cas de dommages corporels et remboursent les frais de soins param\u00e9dicaux. Pour plus d&rsquo;informations:&nbsp;<a style=\"background-color: #ffffff; font-size: 16.0016px;\" href=\"https:\/\/multi-risques.com\/lassurance-de-personne-faq-34-vous-connaissez\/\" target=\"_blank\" rel=\"noopener\">https:\/\/multi-risques.com\/lassurance-de-personne-faq-34-vous-connaissez\/<\/a><\/p>\n<p>Le physioth\u00e9rapeute vous accompagnera dans votre processus de r\u00e9adaptation et pourra faire des recommandations au m\u00e9decin traitant ou \u00e0 la SAAQ pour des traitements compl\u00e9mentaires, par exemple l\u2019ergoth\u00e9rapie, la kin\u00e9siologie ou la psychologie (troubles d\u2019adaptation, trouble de stress post-traumatique, etc). Ces services sont tous \u00e9galement rembours\u00e9s par la Soci\u00e9t\u00e9 d\u2019Assurance Automobile du Qu\u00e9bec.<\/p>\n<p>Sachez \u00e9galement que la SAAQ rembourse<a href=\"https:\/\/saaq.gouv.qc.ca\/blob\/saaq\/documents\/formulaires\/remboursement-frais-deplacement-soin.pdf\" target=\"_blank\" rel=\"noopener\"> les frais de d\u00e9placements<\/a>&nbsp;associ\u00e9s aux visites m\u00e9dicales ou aux traitements de physioth\u00e9rapie et ergoth\u00e9rapie, en plus de rembourser les m\u00e9dicaments.<\/p>\n<p>Pour toute autres questions au sujet des traitements de physioth\u00e9rapie et ergoth\u00e9rapie dans le cadre d\u2019un dossier SAAQ ou pour prendre rendez-vous, n\u2019h\u00e9sitez pas \u00e0 nous contacter \u00e0 la Clinique Physio-Sant\u00e9 au <a href=\"tel:8195730400\">819-573-0400<\/a>.<\/p>\t\t\t\t\t<\/div>\n\t\t\t\t\t\t<\/div>\n\t\t\t\t<\/div>\n\t\t\t\t\t\t<\/div>\n\t\t\t\t\t<\/div>\n\t\t<\/div>\n\t\t\t\t<div class=\"elementor-column elementor-col-50 elementor-top-column elementor-element elementor-element-14820be\" data-id=\"14820be\" data-element_type=\"column\">\n\t\t\t<div class=\"elementor-column-wrap elementor-element-populated\">\n\t\t\t\t\t\t\t<div class=\"elementor-widget-wrap\">\n\t\t\t\t\t\t<div class=\"elementor-element elementor-element-b56e67a elementor-widget elementor-widget-spacer\" data-id=\"b56e67a\" data-element_type=\"widget\" data-widget_type=\"spacer.default\">\n\t\t\t\t<div class=\"elementor-widget-container\">\n\t\t\t\t\t<div class=\"elementor-spacer\">\n\t\t\t<div class=\"elementor-spacer-inner\"><\/div>\n\t\t<\/div>\n\t\t\t\t<\/div>\n\t\t\t\t<\/div>\n\t\t\t\t<div class=\"elementor-element elementor-element-01ad540 elementor-cta--skin-cover elementor-cta--valign-middle elementor-bg-transform elementor-bg-transform-zoom-out elementor-animated-content elementor-widget elementor-widget-call-to-action\" data-id=\"01ad540\" data-element_type=\"widget\" data-widget_type=\"call-to-action.default\">\n\t\t\t\t<div class=\"elementor-widget-container\">\n\t\t\t\t\t<div class=\"elementor-cta\">\n\t\t\t\t\t<div class=\"elementor-cta__bg-wrapper\">\n\t\t\t\t<div class=\"elementor-cta__bg elementor-bg\" style=\"background-image: url(https:\/\/www.cliniquephysiosante.com\/physiotherapie\/wp-content\/uploads\/2019\/03\/img-posture-physiotherapie-sherbrooke1.jpg);\" role=\"img\" aria-label=\"posture physiotherapie sherbrooke\"><\/div>\n\t\t\t\t<div class=\"elementor-cta__bg-overlay\"><\/div>\n\t\t\t<\/div>\n\t\t\t\t\t\t\t<div class=\"elementor-cta__content\">\n\t\t\t\t\n\t\t\t\t<h2 class=\"elementor-cta__title elementor-cta__content-item elementor-content-item elementor-animated-item--grow\">VOS PROFESSIONNELS EN PHYSIOTH\u00c9RAPIE \u00c0 SHERBROOKE<\/h2>\n\t\t\t\t\t\t\t\t\t<div class=\"elementor-cta__description elementor-cta__content-item elementor-content-item elementor-animated-item--grow\">\n\t\t\t\t\t\tPrenez rendez-vous\t\t\t\t\t<\/div>\n\t\t\t\t\n\t\t\t\t\t\t\t\t\t<div class=\"elementor-cta__button-wrapper elementor-cta__content-item elementor-content-item elementor-animated-item--grow\">\n\t\t\t\t\t<a class=\"elementor-cta__button elementor-button elementor-size-sm\" href=\"tel:8195730400\">\n\t\t\t\t\t\tMaintenant!\t\t\t\t\t<\/a>\n\t\t\t\t\t<\/div>\n\t\t\t\t\t\t\t<\/div>\n\t\t\t\t\t\t\t<div class=\"elementor-ribbon elementor-ribbon-right\">\n\t\t\t\t<div class=\"elementor-ribbon-inner\">Appellez !<\/div>\n\t\t\t<\/div>\n\t\t\t\t<\/div>\n\t\t\t\t<\/div>\n\t\t\t\t<\/div>\n\t\t\t\t\t\t<\/div>\n\t\t\t\t\t<\/div>\n\t\t<\/div>\n\t\t\t\t\t\t\t\t<\/div>\n\t\t\t\t\t<\/div>\n\t\t<\/section>\n\t\t\t\t<section class=\"elementor-section elementor-top-section elementor-element elementor-element-db562da elementor-section-stretched elementor-section-boxed elementor-section-height-default elementor-section-height-default\" data-id=\"db562da\" data-element_type=\"section\" data-settings=\"{&quot;stretch_section&quot;:&quot;section-stretched&quot;,&quot;background_background&quot;:&quot;classic&quot;}\">\n\t\t\t\t\t\t<div class=\"elementor-container elementor-column-gap-default\">\n\t\t\t\t\t\t\t<div class=\"elementor-row\">\n\t\t\t\t\t<div class=\"elementor-column elementor-col-50 elementor-top-column elementor-element elementor-element-7c84052\" data-id=\"7c84052\" data-element_type=\"column\">\n\t\t\t<div class=\"elementor-column-wrap elementor-element-populated\">\n\t\t\t\t\t\t\t<div class=\"elementor-widget-wrap\">\n\t\t\t\t\t\t<div class=\"elementor-element elementor-element-d3b6a0d elementor-widget elementor-widget-image\" data-id=\"d3b6a0d\" data-element_type=\"widget\" data-widget_type=\"image.default\">\n\t\t\t\t<div class=\"elementor-widget-container\">\n\t\t\t\t\t\t\t\t<div class=\"elementor-image\">\n\t\t\t\t\t\t\t\t\t\t\t\t<img decoding=\"async\" width=\"200\" height=\"110\" src=\"https:\/\/www.cliniquephysiosante.com\/physiotherapie\/wp-content\/uploads\/2024\/06\/OPPQ_membre_blanc200px.png\" class=\"attachment-large size-large wp-image-1055\" alt=\"membre de Ordre Professionnel de la Physioth\u00e9rapie du Qu\u00e9bec\" loading=\"lazy\" \/>\t\t\t\t\t\t\t\t\t\t\t\t\t\t<\/div>\n\t\t\t\t\t\t<\/div>\n\t\t\t\t<\/div>\n\t\t\t\t\t\t<\/div>\n\t\t\t\t\t<\/div>\n\t\t<\/div>\n\t\t\t\t<div class=\"elementor-column elementor-col-50 elementor-top-column elementor-element elementor-element-99c5322\" data-id=\"99c5322\" data-element_type=\"column\">\n\t\t\t<div class=\"elementor-column-wrap elementor-element-populated\">\n\t\t\t\t\t\t\t<div class=\"elementor-widget-wrap\">\n\t\t\t\t\t\t<div class=\"elementor-element elementor-element-d0e15c9 elementor-widget elementor-widget-heading\" data-id=\"d0e15c9\" data-element_type=\"widget\" data-widget_type=\"heading.default\">\n\t\t\t\t<div class=\"elementor-widget-container\">\n\t\t\t<h3 class=\"elementor-heading-title elementor-size-default\"><font color=\"#FFFFFF\"><b>VOS  PHYSIOTH\u00c9RAPEUTES ET MASSOTH\u00c9RAPEUTES \u00c0 SHERBROOKE<\/b><\/font><br><span><font color=\"#FFFFCC\" size=\"3\">\u00c0 votre disposition pour le traitement des blessures articulaires et musculaires depuis 1996. <\/font><\/span><\/h3>\t\t<\/div>\n\t\t\t\t<\/div>\n\t\t\t\t\t\t<\/div>\n\t\t\t\t\t<\/div>\n\t\t<\/div>\n\t\t\t\t\t\t\t\t<\/div>\n\t\t\t\t\t<\/div>\n\t\t<\/section>\n\t\t\t\t<section class=\"elementor-section elementor-top-section elementor-element elementor-element-6c418cd elementor-section-height-min-height elementor-section-content-top elementor-hidden-phone elementor-section-boxed elementor-section-height-default elementor-section-items-middle\" data-id=\"6c418cd\" data-element_type=\"section\" data-settings=\"{&quot;background_background&quot;:&quot;classic&quot;}\">\n\t\t\t\t\t\t<div class=\"elementor-container elementor-column-gap-default\">\n\t\t\t\t\t\t\t<div class=\"elementor-row\">\n\t\t\t\t\t<div class=\"elementor-column elementor-col-100 elementor-top-column elementor-element elementor-element-296f6bb\" data-id=\"296f6bb\" data-element_type=\"column\">\n\t\t\t<div class=\"elementor-column-wrap elementor-element-populated\">\n\t\t\t\t\t\t\t<div class=\"elementor-widget-wrap\">\n\t\t\t\t\t\t<div class=\"elementor-element elementor-element-f1afbfa elementor-widget elementor-widget-spacer\" data-id=\"f1afbfa\" data-element_type=\"widget\" data-widget_type=\"spacer.default\">\n\t\t\t\t<div class=\"elementor-widget-container\">\n\t\t\t\t\t<div class=\"elementor-spacer\">\n\t\t\t<div class=\"elementor-spacer-inner\"><\/div>\n\t\t<\/div>\n\t\t\t\t<\/div>\n\t\t\t\t<\/div>\n\t\t\t\t\t\t<\/div>\n\t\t\t\t\t<\/div>\n\t\t<\/div>\n\t\t\t\t\t\t\t\t<\/div>\n\t\t\t\t\t<\/div>\n\t\t<\/section>\n\t\t\t\t\t\t\t\t\t<\/div>\n\t\t\t<\/div>\n\t\t\t\t\t<\/div>\n\t\t","protected":false},"excerpt":{"rendered":"<p>INFORMATIONS CNESST ET SAAQ Quoi faire en cas d\u2019accident de travail ?&nbsp; Si vous avez \u00e9t\u00e9 victime d\u2019un accident de travail, il est primordial de remplir un rapport d\u2019accident la journ\u00e9e m\u00eame. Si cet \u00e9v\u00e9nement am\u00e8ne des probl\u00e8mes physiques et que vous souhaitez recevoir des traitements \u00e0 cet effet, la CNESST recommande de voir un [&hellip;]<\/p>\n","protected":false},"author":1,"featured_media":0,"parent":0,"menu_order":0,"comment_status":"closed","ping_status":"closed","template":"elementor_header_footer","meta":[],"aioseo_notices":[],"_links":{"self":[{"href":"https:\/\/www.cliniquephysiosante.com\/physiotherapie\/wp-json\/wp\/v2\/pages\/401"}],"collection":[{"href":"https:\/\/www.cliniquephysiosante.com\/physiotherapie\/wp-json\/wp\/v2\/pages"}],"about":[{"href":"https:\/\/www.cliniquephysiosante.com\/physiotherapie\/wp-json\/wp\/v2\/types\/page"}],"author":[{"embeddable":true,"href":"https:\/\/www.cliniquephysiosante.com\/physiotherapie\/wp-json\/wp\/v2\/users\/1"}],"replies":[{"embeddable":true,"href":"https:\/\/www.cliniquephysiosante.com\/physiotherapie\/wp-json\/wp\/v2\/comments?post=401"}],"version-history":[{"count":29,"href":"https:\/\/www.cliniquephysiosante.com\/physiotherapie\/wp-json\/wp\/v2\/pages\/401\/revisions"}],"predecessor-version":[{"id":1719,"href":"https:\/\/www.cliniquephysiosante.com\/physiotherapie\/wp-json\/wp\/v2\/pages\/401\/revisions\/1719"}],"wp:attachment":[{"href":"https:\/\/www.cliniquephysiosante.com\/physiotherapie\/wp-json\/wp\/v2\/media?parent=401"}],"curies":[{"name":"wp","href":"https:\/\/api.w.org\/{rel}","templated":true}]}}