{"id":63,"date":"2019-03-05T14:47:04","date_gmt":"2019-03-05T14:47:04","guid":{"rendered":"http:\/\/cliniquephysiosante.com\/physiotherapie\/?page_id=63"},"modified":"2025-01-13T12:54:12","modified_gmt":"2025-01-13T17:54:12","slug":"clinique-physio-sante-sherbrooke","status":"publish","type":"page","link":"https:\/\/www.cliniquephysiosante.com\/physiotherapie\/clinique-physio-sante-sherbrooke\/","title":{"rendered":"Clinique"},"content":{"rendered":"\t\t<div data-elementor-type=\"wp-post\" data-elementor-id=\"63\" class=\"elementor elementor-63\">\n\t\t\t\t\t\t<div class=\"elementor-inner\">\n\t\t\t\t<div class=\"elementor-section-wrap\">\n\t\t\t\t\t\t\t\t\t<section class=\"elementor-section elementor-top-section elementor-element elementor-element-4d00918 elementor-section-stretched elementor-section-height-min-height elementor-section-content-middle elementor-section-boxed elementor-section-height-default elementor-section-items-middle\" data-id=\"4d00918\" data-element_type=\"section\" data-settings=\"{&quot;stretch_section&quot;:&quot;section-stretched&quot;,&quot;background_background&quot;:&quot;classic&quot;}\">\n\t\t\t\t\t\t<div class=\"elementor-container elementor-column-gap-no\">\n\t\t\t\t\t\t\t<div class=\"elementor-row\">\n\t\t\t\t\t<div class=\"elementor-column elementor-col-100 elementor-top-column elementor-element elementor-element-2067d06\" data-id=\"2067d06\" data-element_type=\"column\">\n\t\t\t<div class=\"elementor-column-wrap elementor-element-populated\">\n\t\t\t\t\t\t\t<div class=\"elementor-widget-wrap\">\n\t\t\t\t\t\t<div class=\"elementor-element elementor-element-e189138 elementor-widget elementor-widget-heading\" data-id=\"e189138\" data-element_type=\"widget\" data-widget_type=\"heading.default\">\n\t\t\t\t<div class=\"elementor-widget-container\">\n\t\t\t<h1 class=\"elementor-heading-title elementor-size-default\">VOTRE CLINIQUE PHYSIOTH\u00c9RAPIE SHERBROOKE<\/h1>\t\t<\/div>\n\t\t\t\t<\/div>\n\t\t\t\t\t\t<\/div>\n\t\t\t\t\t<\/div>\n\t\t<\/div>\n\t\t\t\t\t\t\t\t<\/div>\n\t\t\t\t\t<\/div>\n\t\t<\/section>\n\t\t\t\t<section class=\"elementor-section elementor-top-section elementor-element elementor-element-7f35eaf elementor-section-boxed elementor-section-height-default elementor-section-height-default\" data-id=\"7f35eaf\" data-element_type=\"section\">\n\t\t\t\t\t\t<div class=\"elementor-container elementor-column-gap-default\">\n\t\t\t\t\t\t\t<div class=\"elementor-row\">\n\t\t\t\t\t<div class=\"elementor-column elementor-col-50 elementor-top-column elementor-element elementor-element-0dc11ac\" data-id=\"0dc11ac\" data-element_type=\"column\">\n\t\t\t<div class=\"elementor-column-wrap elementor-element-populated\">\n\t\t\t\t\t\t\t<div class=\"elementor-widget-wrap\">\n\t\t\t\t\t\t<div class=\"elementor-element elementor-element-2fcdcb5 elementor-widget elementor-widget-spacer\" data-id=\"2fcdcb5\" data-element_type=\"widget\" data-widget_type=\"spacer.default\">\n\t\t\t\t<div class=\"elementor-widget-container\">\n\t\t\t\t\t<div class=\"elementor-spacer\">\n\t\t\t<div class=\"elementor-spacer-inner\"><\/div>\n\t\t<\/div>\n\t\t\t\t<\/div>\n\t\t\t\t<\/div>\n\t\t\t\t<div class=\"elementor-element elementor-element-7e0d660 elementor-widget elementor-widget-heading\" data-id=\"7e0d660\" data-element_type=\"widget\" data-widget_type=\"heading.default\">\n\t\t\t\t<div class=\"elementor-widget-container\">\n\t\t\t<h2 class=\"elementor-heading-title elementor-size-default\">LA CLINIQUE PHYSIO-SANT\u00c9 :<\/h2>\t\t<\/div>\n\t\t\t\t<\/div>\n\t\t\t\t<div class=\"elementor-element elementor-element-573c9de elementor-widget elementor-widget-heading\" data-id=\"573c9de\" data-element_type=\"widget\" data-widget_type=\"heading.default\">\n\t\t\t\t<div class=\"elementor-widget-container\">\n\t\t\t<h2 class=\"elementor-heading-title elementor-size-default\">vos physioth\u00e9rapeutes \u00e0 Sherbrooke<\/h2>\t\t<\/div>\n\t\t\t\t<\/div>\n\t\t\t\t<div class=\"elementor-element elementor-element-7a08eeb elementor-widget elementor-widget-text-editor\" data-id=\"7a08eeb\" data-element_type=\"widget\" data-widget_type=\"text-editor.default\">\n\t\t\t\t<div class=\"elementor-widget-container\">\n\t\t\t\t\t\t\t\t<div class=\"elementor-text-editor elementor-clearfix\">\n\t\t\t\t<p>Depuis 1996, la clinique Physio-Sant\u00e9 de physioth\u00e9rapie de Sherbrooke offre \u00e0 sa client\u00e8le des soins sp\u00e9cialis\u00e9s pour le traitement des blessures articulaires et musculaires. La qualit\u00e9 de ses soins en physioth\u00e9rapie nous auront valus un prix au Gala de la chambre de commerce cat\u00e9gorie jeune entreprise en 2000.\u00a0<\/p><p>Au fil des ann\u00e9es, nos physioth\u00e9rapeutes ont d\u00e9velopp\u00e9s une approche th\u00e9rapeutique qui associe les th\u00e9rapies manuelles \u00e0 des programmes d&rsquo;exercices sp\u00e9cialis\u00e9s. Cette approche permet de soigner les blessures et de pr\u00e9venir les r\u00e9cidives. Nos professionnels en physioth\u00e9rapie, ergoth\u00e9rapie et massoth\u00e9rapie cherchent continuellement \u00e0 se perfectionner et \u00e0 innover afin de toujours offrir un service d&rsquo;excellence.<\/p><p>Nous disposons d&rsquo;un environnement stimulant, dot\u00e9 de plusieurs salles o\u00f9 nous effectuons des traitements individuels, en plus d&rsquo;un gymnase. Notre salle d&rsquo;exercice contient les \u00e9quipements n\u00e9cessaires \u00e0 la r\u00e9adaptation globale de nos patients et permet un entra\u00eenement visant le renforcement, la stabilisation, la souplesse et\/ou l&rsquo;endurance cardio-respiratoire.<\/p><p>Notre \u00e9quipe offre <strong>des soins de physioth\u00e9rapie aupr\u00e8s <a href=\"https:\/\/www.cliniquephysiosante.com\/physiotherapie\/cnesst-saaq\/\">des accident\u00e9s de la route, du travail<\/a><\/strong> et de toutes personnes souffrant de maux de dos et de cou, de tendinites, bursites, entorses, blessures sportives ou troubles posturaux.<\/p><p>En choisissant la Clinique de Physio-Sant\u00e9 de Sherbrooke, vous faites le choix d\u2019une prise en charge professionnelle, humaine et adapt\u00e9e \u00e0 vos besoins.\u00a0<\/p><p>\u00c0 la Clinique de Physioth\u00e9rapie Physio-Sant\u00e9 de Sherbrooke, nous croyons en un v\u00e9ritable partenariat th\u00e9rapeutique. Votre implication et votre motivation jouent un r\u00f4le essentiel dans votre r\u00e9cup\u00e9ration. Ensemble, nous travaillons \u00e9tape par \u00e9tape pour atteindre vos objectifs, qu\u2019il s\u2019agisse de reprendre une activit\u00e9 physique, de retrouver votre autonomie au travail ou de performer dans un sport sp\u00e9cifique.<\/p><p>Ensemble, retrouvons votre libert\u00e9 de mouvement et redonnons \u00e0 votre corps toute sa vitalit\u00e9!<\/p>\t\t\t\t\t<\/div>\n\t\t\t\t\t\t<\/div>\n\t\t\t\t<\/div>\n\t\t\t\t\t\t<\/div>\n\t\t\t\t\t<\/div>\n\t\t<\/div>\n\t\t\t\t<div class=\"elementor-column elementor-col-50 elementor-top-column elementor-element elementor-element-14820be\" data-id=\"14820be\" data-element_type=\"column\">\n\t\t\t<div class=\"elementor-column-wrap elementor-element-populated\">\n\t\t\t\t\t\t\t<div class=\"elementor-widget-wrap\">\n\t\t\t\t\t\t<div class=\"elementor-element elementor-element-b537182 elementor-widget elementor-widget-image\" data-id=\"b537182\" data-element_type=\"widget\" data-widget_type=\"image.default\">\n\t\t\t\t<div class=\"elementor-widget-container\">\n\t\t\t\t\t\t\t\t<div class=\"elementor-image\">\n\t\t\t\t\t\t\t\t\t\t\t\t\t<a href=\"https:\/\/www.cliniquephysiosante.com\/physiotherapie\/contact\/\">\n\t\t\t\t\t\t\t<img decoding=\"async\" width=\"400\" height=\"537\" src=\"https:\/\/www.cliniquephysiosante.com\/physiotherapie\/wp-content\/uploads\/2024\/12\/clinique-physio-sante-physiotherapeute-sherbrooke-2.jpg\" class=\"attachment-large size-large wp-image-1731\" alt=\"clinique physio-sante physiotherapeute sherbrooke\" loading=\"lazy\" srcset=\"https:\/\/www.cliniquephysiosante.com\/physiotherapie\/wp-content\/uploads\/2024\/12\/clinique-physio-sante-physiotherapeute-sherbrooke-2.jpg 400w, https:\/\/www.cliniquephysiosante.com\/physiotherapie\/wp-content\/uploads\/2024\/12\/clinique-physio-sante-physiotherapeute-sherbrooke-2-223x300.jpg 223w\" sizes=\"(max-width: 400px) 100vw, 400px\" \/>\t\t\t\t\t\t\t\t<\/a>\n\t\t\t\t\t\t\t\t\t\t\t\t\t\t<\/div>\n\t\t\t\t\t\t<\/div>\n\t\t\t\t<\/div>\n\t\t\t\t<div class=\"elementor-element elementor-element-01ad540 elementor-cta--skin-cover elementor-cta--valign-middle elementor-bg-transform elementor-bg-transform-zoom-out elementor-animated-content elementor-widget elementor-widget-call-to-action\" data-id=\"01ad540\" data-element_type=\"widget\" data-widget_type=\"call-to-action.default\">\n\t\t\t\t<div class=\"elementor-widget-container\">\n\t\t\t\t\t<div class=\"elementor-cta\">\n\t\t\t\t\t<div class=\"elementor-cta__bg-wrapper\">\n\t\t\t\t<div class=\"elementor-cta__bg elementor-bg\" style=\"background-image: url(https:\/\/www.cliniquephysiosante.com\/physiotherapie\/wp-content\/uploads\/2019\/03\/img-posture-physiotherapie-sherbrooke1.jpg);\" role=\"img\" aria-label=\"posture physiotherapie sherbrooke\"><\/div>\n\t\t\t\t<div class=\"elementor-cta__bg-overlay\"><\/div>\n\t\t\t<\/div>\n\t\t\t\t\t\t\t<div class=\"elementor-cta__content\">\n\t\t\t\t\n\t\t\t\t<h2 class=\"elementor-cta__title elementor-cta__content-item elementor-content-item elementor-animated-item--grow\">VOS PROFESSIONNELS EN PHYSIOTH\u00c9RAPIE \u00c0 SHERBROOKE<\/h2>\n\t\t\t\t\t\t\t\t\t<div class=\"elementor-cta__description elementor-cta__content-item elementor-content-item elementor-animated-item--grow\">\n\t\t\t\t\t\tPrenez rendez-vous\t\t\t\t\t<\/div>\n\t\t\t\t\n\t\t\t\t\t\t\t\t\t<div class=\"elementor-cta__button-wrapper elementor-cta__content-item elementor-content-item elementor-animated-item--grow\">\n\t\t\t\t\t<a class=\"elementor-cta__button elementor-button elementor-size-sm\" href=\"tel:8195730400\">\n\t\t\t\t\t\tMaintenant!\t\t\t\t\t<\/a>\n\t\t\t\t\t<\/div>\n\t\t\t\t\t\t\t<\/div>\n\t\t\t\t\t\t\t<div class=\"elementor-ribbon elementor-ribbon-right\">\n\t\t\t\t<div class=\"elementor-ribbon-inner\">Appellez !<\/div>\n\t\t\t<\/div>\n\t\t\t\t<\/div>\n\t\t\t\t<\/div>\n\t\t\t\t<\/div>\n\t\t\t\t\t\t<\/div>\n\t\t\t\t\t<\/div>\n\t\t<\/div>\n\t\t\t\t\t\t\t\t<\/div>\n\t\t\t\t\t<\/div>\n\t\t<\/section>\n\t\t\t\t<section class=\"elementor-section elementor-top-section elementor-element elementor-element-db562da elementor-section-stretched elementor-section-boxed elementor-section-height-default elementor-section-height-default\" data-id=\"db562da\" data-element_type=\"section\" data-settings=\"{&quot;stretch_section&quot;:&quot;section-stretched&quot;,&quot;background_background&quot;:&quot;classic&quot;}\">\n\t\t\t\t\t\t<div class=\"elementor-container elementor-column-gap-default\">\n\t\t\t\t\t\t\t<div class=\"elementor-row\">\n\t\t\t\t\t<div class=\"elementor-column elementor-col-50 elementor-top-column elementor-element elementor-element-7c84052\" data-id=\"7c84052\" data-element_type=\"column\">\n\t\t\t<div class=\"elementor-column-wrap elementor-element-populated\">\n\t\t\t\t\t\t\t<div class=\"elementor-widget-wrap\">\n\t\t\t\t\t\t<div class=\"elementor-element elementor-element-d3b6a0d elementor-widget elementor-widget-image\" data-id=\"d3b6a0d\" data-element_type=\"widget\" data-widget_type=\"image.default\">\n\t\t\t\t<div class=\"elementor-widget-container\">\n\t\t\t\t\t\t\t\t<div class=\"elementor-image\">\n\t\t\t\t\t\t\t\t\t\t\t\t<img decoding=\"async\" width=\"200\" height=\"110\" src=\"https:\/\/www.cliniquephysiosante.com\/physiotherapie\/wp-content\/uploads\/2024\/06\/OPPQ_membre_blanc200px.png\" class=\"attachment-large size-large wp-image-1055\" alt=\"membre de Ordre Professionnel de la Physioth\u00e9rapie du Qu\u00e9bec\" loading=\"lazy\" \/>\t\t\t\t\t\t\t\t\t\t\t\t\t\t<\/div>\n\t\t\t\t\t\t<\/div>\n\t\t\t\t<\/div>\n\t\t\t\t\t\t<\/div>\n\t\t\t\t\t<\/div>\n\t\t<\/div>\n\t\t\t\t<div class=\"elementor-column elementor-col-50 elementor-top-column elementor-element elementor-element-99c5322\" data-id=\"99c5322\" data-element_type=\"column\">\n\t\t\t<div class=\"elementor-column-wrap elementor-element-populated\">\n\t\t\t\t\t\t\t<div class=\"elementor-widget-wrap\">\n\t\t\t\t\t\t<div class=\"elementor-element elementor-element-d0e15c9 elementor-widget elementor-widget-heading\" data-id=\"d0e15c9\" data-element_type=\"widget\" data-widget_type=\"heading.default\">\n\t\t\t\t<div class=\"elementor-widget-container\">\n\t\t\t<h3 class=\"elementor-heading-title elementor-size-default\"><font color=\"#FFFFFF\"><b>VOS  PHYSIOTH\u00c9RAPEUTES ET MASSOTH\u00c9RAPEUTES \u00c0 SHERBROOKE<\/b><\/font><br><span><font color=\"#FFFFCC\" size=\"3\">\u00c0 votre disposition pour le traitement des blessures articulaires et musculaires depuis 1996. <\/font><\/span><\/h3>\t\t<\/div>\n\t\t\t\t<\/div>\n\t\t\t\t\t\t<\/div>\n\t\t\t\t\t<\/div>\n\t\t<\/div>\n\t\t\t\t\t\t\t\t<\/div>\n\t\t\t\t\t<\/div>\n\t\t<\/section>\n\t\t\t\t<section class=\"elementor-section elementor-top-section elementor-element elementor-element-6c418cd elementor-section-height-min-height elementor-section-content-top elementor-hidden-phone elementor-section-boxed elementor-section-height-default elementor-section-items-middle\" data-id=\"6c418cd\" data-element_type=\"section\" data-settings=\"{&quot;background_background&quot;:&quot;classic&quot;}\">\n\t\t\t\t\t\t<div class=\"elementor-container elementor-column-gap-default\">\n\t\t\t\t\t\t\t<div class=\"elementor-row\">\n\t\t\t\t\t<div class=\"elementor-column elementor-col-100 elementor-top-column elementor-element elementor-element-296f6bb\" data-id=\"296f6bb\" data-element_type=\"column\">\n\t\t\t<div class=\"elementor-column-wrap elementor-element-populated\">\n\t\t\t\t\t\t\t<div class=\"elementor-widget-wrap\">\n\t\t\t\t\t\t<div class=\"elementor-element elementor-element-f1afbfa elementor-widget elementor-widget-spacer\" data-id=\"f1afbfa\" data-element_type=\"widget\" data-widget_type=\"spacer.default\">\n\t\t\t\t<div class=\"elementor-widget-container\">\n\t\t\t\t\t<div class=\"elementor-spacer\">\n\t\t\t<div class=\"elementor-spacer-inner\"><\/div>\n\t\t<\/div>\n\t\t\t\t<\/div>\n\t\t\t\t<\/div>\n\t\t\t\t\t\t<\/div>\n\t\t\t\t\t<\/div>\n\t\t<\/div>\n\t\t\t\t\t\t\t\t<\/div>\n\t\t\t\t\t<\/div>\n\t\t<\/section>\n\t\t\t\t<section class=\"elementor-section elementor-top-section elementor-element elementor-element-1a20f63 elementor-hidden-desktop elementor-hidden-tablet elementor-section-boxed elementor-section-height-default elementor-section-height-default\" data-id=\"1a20f63\" data-element_type=\"section\">\n\t\t\t\t\t\t<div class=\"elementor-container elementor-column-gap-default\">\n\t\t\t\t\t\t\t<div class=\"elementor-row\">\n\t\t\t\t\t<div class=\"elementor-column elementor-col-100 elementor-top-column elementor-element elementor-element-7b3a297\" data-id=\"7b3a297\" data-element_type=\"column\">\n\t\t\t<div class=\"elementor-column-wrap elementor-element-populated\">\n\t\t\t\t\t\t\t<div class=\"elementor-widget-wrap\">\n\t\t\t\t\t\t<div class=\"elementor-element elementor-element-68f707d gallery-spacing-custom elementor-widget elementor-widget-image-gallery\" data-id=\"68f707d\" data-element_type=\"widget\" data-widget_type=\"image-gallery.default\">\n\t\t\t\t<div class=\"elementor-widget-container\">\n\t\t\t\t\t<div class=\"elementor-image-gallery\">\n\t\t\t<div id='gallery-1' class='gallery galleryid-63 gallery-columns-2 gallery-size-medium_large'><figure class='gallery-item'>\n\t\t\t<div class='gallery-icon landscape'>\n\t\t\t\t<a data-elementor-open-lightbox=\"yes\" data-elementor-lightbox-slideshow=\"68f707d\" data-elementor-lightbox-title=\"accueil clinique physiotherapie\" data-e-action-hash=\"#elementor-action%3Aaction%3Dlightbox%26settings%3DeyJpZCI6NTcyLCJ1cmwiOiJodHRwczpcL1wvd3d3LmNsaW5pcXVlcGh5c2lvc2FudGUuY29tXC9waHlzaW90aGVyYXBpZVwvd3AtY29udGVudFwvdXBsb2Fkc1wvMjAyM1wvMDVcL2FjY3VlaWwtZXJnb3RoZXJhcGllLWxvY2FsLmpwZyIsInNsaWRlc2hvdyI6IjY4ZjcwN2QifQ%3D%3D\" href='https:\/\/www.cliniquephysiosante.com\/physiotherapie\/wp-content\/uploads\/2023\/05\/accueil-ergotherapie-local.jpg'><img width=\"768\" height=\"512\" src=\"https:\/\/www.cliniquephysiosante.com\/physiotherapie\/wp-content\/uploads\/2023\/05\/accueil-ergotherapie-local-768x512.jpg\" class=\"attachment-medium_large size-medium_large\" alt=\"accueil local physiotherapie sherbrooke\" decoding=\"async\" loading=\"lazy\" srcset=\"https:\/\/www.cliniquephysiosante.com\/physiotherapie\/wp-content\/uploads\/2023\/05\/accueil-ergotherapie-local-768x512.jpg 768w, https:\/\/www.cliniquephysiosante.com\/physiotherapie\/wp-content\/uploads\/2023\/05\/accueil-ergotherapie-local-300x200.jpg 300w, https:\/\/www.cliniquephysiosante.com\/physiotherapie\/wp-content\/uploads\/2023\/05\/accueil-ergotherapie-local.jpg 800w\" sizes=\"(max-width: 768px) 100vw, 768px\" \/><\/a>\n\t\t\t<\/div><\/figure><figure class='gallery-item'>\n\t\t\t<div class='gallery-icon landscape'>\n\t\t\t\t<a data-elementor-open-lightbox=\"yes\" data-elementor-lightbox-slideshow=\"68f707d\" data-elementor-lightbox-title=\"physiotherapie clinique physio-sant\u00e9\" data-e-action-hash=\"#elementor-action%3Aaction%3Dlightbox%26settings%3DeyJpZCI6NTcxLCJ1cmwiOiJodHRwczpcL1wvd3d3LmNsaW5pcXVlcGh5c2lvc2FudGUuY29tXC9waHlzaW90aGVyYXBpZVwvd3AtY29udGVudFwvdXBsb2Fkc1wvMjAyM1wvMDVcL3BoeXNpb3RoZXJhcGllLWxvY2FsLmpwZyIsInNsaWRlc2hvdyI6IjY4ZjcwN2QifQ%3D%3D\" href='https:\/\/www.cliniquephysiosante.com\/physiotherapie\/wp-content\/uploads\/2023\/05\/physiotherapie-local.jpg'><img width=\"768\" height=\"512\" src=\"https:\/\/www.cliniquephysiosante.com\/physiotherapie\/wp-content\/uploads\/2023\/05\/physiotherapie-local-768x512.jpg\" class=\"attachment-medium_large size-medium_large\" alt=\"salle traitement physiotherapie clinique physio sant\u00e9 sherbrooke\" decoding=\"async\" loading=\"lazy\" srcset=\"https:\/\/www.cliniquephysiosante.com\/physiotherapie\/wp-content\/uploads\/2023\/05\/physiotherapie-local-768x512.jpg 768w, https:\/\/www.cliniquephysiosante.com\/physiotherapie\/wp-content\/uploads\/2023\/05\/physiotherapie-local-300x200.jpg 300w, https:\/\/www.cliniquephysiosante.com\/physiotherapie\/wp-content\/uploads\/2023\/05\/physiotherapie-local.jpg 800w\" sizes=\"(max-width: 768px) 100vw, 768px\" \/><\/a>\n\t\t\t<\/div><\/figure><figure class='gallery-item'>\n\t\t\t<div class='gallery-icon landscape'>\n\t\t\t\t<a data-elementor-open-lightbox=\"yes\" data-elementor-lightbox-slideshow=\"68f707d\" data-elementor-lightbox-title=\"salle physiotherapie sherbrooke\" data-e-action-hash=\"#elementor-action%3Aaction%3Dlightbox%26settings%3DeyJpZCI6MzY4LCJ1cmwiOiJodHRwczpcL1wvd3d3LmNsaW5pcXVlcGh5c2lvc2FudGUuY29tXC9waHlzaW90aGVyYXBpZVwvd3AtY29udGVudFwvdXBsb2Fkc1wvMjAxOVwvMDVcL3NhbGxlLWVyZ290aGVyYXBpZS1waHlzaW90aGVyYXBpZTIuanBnIiwic2xpZGVzaG93IjoiNjhmNzA3ZCJ9\" href='https:\/\/www.cliniquephysiosante.com\/physiotherapie\/wp-content\/uploads\/2019\/05\/salle-ergotherapie-physiotherapie2.jpg'><img width=\"600\" height=\"400\" src=\"https:\/\/www.cliniquephysiosante.com\/physiotherapie\/wp-content\/uploads\/2019\/05\/salle-ergotherapie-physiotherapie2.jpg\" class=\"attachment-medium_large size-medium_large\" alt=\"salle entrainement physiotherapie\" decoding=\"async\" loading=\"lazy\" srcset=\"https:\/\/www.cliniquephysiosante.com\/physiotherapie\/wp-content\/uploads\/2019\/05\/salle-ergotherapie-physiotherapie2.jpg 600w, https:\/\/www.cliniquephysiosante.com\/physiotherapie\/wp-content\/uploads\/2019\/05\/salle-ergotherapie-physiotherapie2-300x200.jpg 300w\" sizes=\"(max-width: 600px) 100vw, 600px\" \/><\/a>\n\t\t\t<\/div><\/figure><figure class='gallery-item'>\n\t\t\t<div class='gallery-icon landscape'>\n\t\t\t\t<a data-elementor-open-lightbox=\"yes\" data-elementor-lightbox-slideshow=\"68f707d\" data-elementor-lightbox-title=\"salle traitement physiotherapie\" data-e-action-hash=\"#elementor-action%3Aaction%3Dlightbox%26settings%3DeyJpZCI6MzY3LCJ1cmwiOiJodHRwczpcL1wvd3d3LmNsaW5pcXVlcGh5c2lvc2FudGUuY29tXC9waHlzaW90aGVyYXBpZVwvd3AtY29udGVudFwvdXBsb2Fkc1wvMjAxOVwvMDVcL3NhbGxlLWVyZ290aGVyYXBpZS1waHlzaW90aGVyYXBpZTEuanBnIiwic2xpZGVzaG93IjoiNjhmNzA3ZCJ9\" href='https:\/\/www.cliniquephysiosante.com\/physiotherapie\/wp-content\/uploads\/2019\/05\/salle-ergotherapie-physiotherapie1.jpg'><img width=\"600\" height=\"400\" src=\"https:\/\/www.cliniquephysiosante.com\/physiotherapie\/wp-content\/uploads\/2019\/05\/salle-ergotherapie-physiotherapie1.jpg\" class=\"attachment-medium_large size-medium_large\" alt=\"Table traitement individuel physiotherapie\" decoding=\"async\" loading=\"lazy\" srcset=\"https:\/\/www.cliniquephysiosante.com\/physiotherapie\/wp-content\/uploads\/2019\/05\/salle-ergotherapie-physiotherapie1.jpg 600w, https:\/\/www.cliniquephysiosante.com\/physiotherapie\/wp-content\/uploads\/2019\/05\/salle-ergotherapie-physiotherapie1-300x200.jpg 300w\" sizes=\"(max-width: 600px) 100vw, 600px\" \/><\/a>\n\t\t\t<\/div><\/figure>\n\t\t<\/div>\n\t\t<\/div>\n\t\t\t\t<\/div>\n\t\t\t\t<\/div>\n\t\t\t\t\t\t<\/div>\n\t\t\t\t\t<\/div>\n\t\t<\/div>\n\t\t\t\t\t\t\t\t<\/div>\n\t\t\t\t\t<\/div>\n\t\t<\/section>\n\t\t\t\t\t\t\t\t\t<\/div>\n\t\t\t<\/div>\n\t\t\t\t\t<\/div>\n\t\t","protected":false},"excerpt":{"rendered":"<p>VOTRE CLINIQUE PHYSIOTH\u00c9RAPIE SHERBROOKE LA CLINIQUE PHYSIO-SANT\u00c9 : vos physioth\u00e9rapeutes \u00e0 Sherbrooke Depuis 1996, la clinique Physio-Sant\u00e9 de physioth\u00e9rapie de Sherbrooke offre \u00e0 sa client\u00e8le des soins sp\u00e9cialis\u00e9s pour le traitement des blessures articulaires et musculaires. La qualit\u00e9 de ses soins en physioth\u00e9rapie nous auront valus un prix au Gala de la chambre de commerce [&hellip;]<\/p>\n","protected":false},"author":1,"featured_media":0,"parent":0,"menu_order":0,"comment_status":"closed","ping_status":"closed","template":"elementor_header_footer","meta":[],"aioseo_notices":[],"_links":{"self":[{"href":"https:\/\/www.cliniquephysiosante.com\/physiotherapie\/wp-json\/wp\/v2\/pages\/63"}],"collection":[{"href":"https:\/\/www.cliniquephysiosante.com\/physiotherapie\/wp-json\/wp\/v2\/pages"}],"about":[{"href":"https:\/\/www.cliniquephysiosante.com\/physiotherapie\/wp-json\/wp\/v2\/types\/page"}],"author":[{"embeddable":true,"href":"https:\/\/www.cliniquephysiosante.com\/physiotherapie\/wp-json\/wp\/v2\/users\/1"}],"replies":[{"embeddable":true,"href":"https:\/\/www.cliniquephysiosante.com\/physiotherapie\/wp-json\/wp\/v2\/comments?post=63"}],"version-history":[{"count":80,"href":"https:\/\/www.cliniquephysiosante.com\/physiotherapie\/wp-json\/wp\/v2\/pages\/63\/revisions"}],"predecessor-version":[{"id":1798,"href":"https:\/\/www.cliniquephysiosante.com\/physiotherapie\/wp-json\/wp\/v2\/pages\/63\/revisions\/1798"}],"wp:attachment":[{"href":"https:\/\/www.cliniquephysiosante.com\/physiotherapie\/wp-json\/wp\/v2\/media?parent=63"}],"curies":[{"name":"wp","href":"https:\/\/api.w.org\/{rel}","templated":true}]}}